{"id":4070,"date":"2025-04-04T19:59:31","date_gmt":"2025-04-04T17:59:32","guid":{"rendered":"https:\/\/cristina.cat\/?post_type=product&#038;p=4070"},"modified":"2025-04-04T20:17:19","modified_gmt":"2025-04-04T18:17:19","slug":"silencio-helado-copia","status":"publish","type":"product","link":"https:\/\/cristina.cat\/es\/producte\/silencio-helado-copia\/","title":{"rendered":"Oto\u00f1o en Can Boquet"},"content":{"rendered":"<p data-start=\"860\" data-end=\"1199\"><strong data-start=\"860\" data-end=\"885\">\u00abOto\u00f1o en Can Boquet\u00bb<\/strong> es una obra en pastel que capta la esencia melanc\u00f3lica del paisaje de Vilassar con un trazo impresionista suave y evocador. Los colores oto\u00f1ales se despliegan con sutileza: campos de espigas doradas, flores delicadas en primer plano y, al fondo, \u00e1rboles difuminados que sugieren una presencia silenciosa y lejana.<\/p>\n<p data-start=\"1201\" data-end=\"1531\">La paleta de colores, sobria y poco saturada, emula una imagen de otro tiempo, como si el recuerdo de aquella tarde oto\u00f1al hubiera quedado grabado en la memoria. La calma del paisaje y la armon\u00eda crom\u00e1tica transmiten serenidad y nostalgia, convirtiendo esta pieza en una ventana abierta a la belleza atemporal del entorno natural.<\/p>\n<h3 class=\"fusion-responsive-typography-calculated\" data-fontsize=\"36\" data-lineheight=\"36px\">Pinturas originales a pastel<\/h3>\n<p data-start=\"0\" data-end=\"191\">Creadas con dedicaci\u00f3n e inspiraci\u00f3n. Cada pieza es \u00fanica, hecha a mano con pasteles de alta calidad sobre papel especial, capturando momentos y atm\u00f3sferas irrepetibles.<\/p>\n<p>Mi arte nace del paisaje que me rodea en \u00d2rrius, de la calma de los bosques y la calidez de los campos. Me apasionan los colores terrosos de la naturaleza, los azules cambiantes del cielo y la forma en que la luz transforma cada rinc\u00f3n del paisaje a lo largo del d\u00eda. Oto\u00f1o e invierno son mis estaciones favoritas para pintar, cuando los tonos se vuelven m\u00e1s profundos y sugerentes, creando una paleta rica en emociones y texturas.<\/p>\n<p data-start=\"612\" data-end=\"846\" data-is-last-node=\"\">Cada pintura refleja mi conexi\u00f3n con el entorno y mi manera de verlo, transformando instantes ef\u00edmeros en obras que transmiten paz y armon\u00eda.<\/p>\n<h3 class=\"\" data-start=\"0\" data-end=\"191\" data-fontsize=\"36\" data-lineheight=\"36px\">Materiales<\/h3>\n<p data-start=\"21\" data-end=\"269\">Trabajo con materiales de alta calidad para garantizar que cada pintura sea duradera y fiel a los colores originales. Utilizo <strong>papel libre de \u00e1cido, 100% algod\u00f3n<\/strong>, seleccionado por su textura y resistencia, ofreciendo una base \u00f3ptima para los pasteles.<\/p>\n<p><strong>Los pasteles que utilizo est\u00e1n elaborados con pigmentos de la m\u00e1s alta calidad<\/strong>, eligiendo cuidadosamente aquellos con la mejor resistencia a la luz. Esto asegura que tu pintura mantenga su intensidad y belleza a lo largo del tiempo, sin perder vivacidad ni desvanecerse.<\/p>\n<h3 class=\"fusion-responsive-typography-calculated\" data-start=\"21\" data-end=\"269\" data-fontsize=\"36\" data-lineheight=\"36px\">Una cosa m\u00e1s\u2026<\/h3>\n<p>Todas las obras de mi tienda est\u00e1n creadas por m\u00ed, con mis propias manos. <strong>Sin impresiones. Sin arte digital. Y definitivamente, sin IA.<\/strong><\/p>\n<p>Cada pieza es \u00fanica, resultado de mi tiempo, dedicaci\u00f3n y pasi\u00f3n por la pintura al pastel.<\/p>\n<p>\u00a1Gracias por tu visita y por valorar la autenticidad del arte hecho a mano!<\/p>\n","protected":false},"excerpt":{"rendered":"<p>Paisaje en pastel seco sobre papel Pastelmat<br \/>\n\ud83d\udccf Medida: 25&#215;35 cm (con marco de 40&#215;50 cm, color roble)<br \/>\n\ud83c\udfa8 T\u00e9cnica: Pastel seco sobre papel de alta calidad<br \/>\n\ud83d\uddbc Obra original y \u00fanica, firmada por la artista<\/p>\n<p>Marco 40&#215;50 cm color roble<\/p>\n","protected":false},"featured_media":4066,"template":"","meta":{"_vp_format_video_url":"","_vp_image_focal_point":[]},"product_brand":[],"product_cat":[69],"product_tag":[70,71,72,73,74],"class_list":{"0":"post-4070","1":"product","2":"type-product","3":"status-publish","4":"has-post-thumbnail","6":"product_cat-pastel-es","7":"product_tag-art-es","8":"product_tag-c-freixas-es","9":"product_tag-paisatge-es","10":"product_tag-pastel-es","11":"product_tag-pintura-es","13":"first","14":"instock","15":"shipping-taxable","16":"purchasable","17":"product-type-simple"},"yoast_head":"<!-- This site is optimized with the Yoast SEO plugin v24.6 - https:\/\/yoast.com\/wordpress\/plugins\/seo\/ -->\n<title>Oto\u00f1o en Can Boquet - c.freixas<\/title>\n<meta name=\"description\" content=\"Paisaje impresionista de oto\u00f1o en Can Boquet, con espigas, flores y tonos sobrios que transmiten calma y nostalgia.\" \/>\n<meta name=\"robots\" content=\"index, follow, max-snippet:-1, max-image-preview:large, max-video-preview:-1\" \/>\n<link rel=\"canonical\" href=\"https:\/\/cristina.cat\/es\/producte\/silencio-helado-copia\/\" \/>\n<meta property=\"og:locale\" content=\"es_ES\" \/>\n<meta property=\"og:type\" content=\"article\" \/>\n<meta property=\"og:title\" content=\"Oto\u00f1o en Can Boquet - c.freixas\" \/>\n<meta property=\"og:description\" content=\"Paisaje impresionista de oto\u00f1o en Can Boquet, con espigas, flores y tonos sobrios que transmiten calma y nostalgia.\" \/>\n<meta property=\"og:url\" content=\"https:\/\/cristina.cat\/es\/producte\/silencio-helado-copia\/\" \/>\n<meta property=\"og:site_name\" content=\"c.freixas\" \/>\n<meta property=\"article:modified_time\" content=\"2025-04-04T18:17:19+00:00\" \/>\n<meta property=\"og:image\" content=\"https:\/\/cristina.cat\/wp-content\/uploads\/2025\/02\/IMG_0706-scaled.jpg\" \/>\n\t<meta property=\"og:image:width\" content=\"2560\" \/>\n\t<meta property=\"og:image:height\" content=\"1852\" \/>\n\t<meta property=\"og:image:type\" content=\"image\/jpeg\" \/>\n<meta name=\"twitter:card\" content=\"summary_large_image\" \/>\n<meta name=\"twitter:label1\" content=\"Tiempo de lectura\" \/>\n\t<meta name=\"twitter:data1\" content=\"1 minuto\" \/>\n<script type=\"application\/ld+json\" class=\"yoast-schema-graph\">{\"@context\":\"https:\/\/schema.org\",\"@graph\":[{\"@type\":\"WebPage\",\"@id\":\"https:\/\/cristina.cat\/es\/producte\/silencio-helado-copia\/\",\"url\":\"https:\/\/cristina.cat\/es\/producte\/silencio-helado-copia\/\",\"name\":\"Oto\u00f1o en Can Boquet - c.freixas\",\"isPartOf\":{\"@id\":\"https:\/\/cristina.cat\/#website\"},\"primaryImageOfPage\":{\"@id\":\"https:\/\/cristina.cat\/es\/producte\/silencio-helado-copia\/#primaryimage\"},\"image\":{\"@id\":\"https:\/\/cristina.cat\/es\/producte\/silencio-helado-copia\/#primaryimage\"},\"thumbnailUrl\":\"https:\/\/cristina.cat\/wp-content\/uploads\/2025\/02\/IMG_0706-scaled.jpg\",\"datePublished\":\"2025-04-04T17:59:32+00:00\",\"dateModified\":\"2025-04-04T18:17:19+00:00\",\"description\":\"Paisaje impresionista de oto\u00f1o en Can Boquet, con espigas, flores y tonos sobrios que transmiten calma y nostalgia.\",\"breadcrumb\":{\"@id\":\"https:\/\/cristina.cat\/es\/producte\/silencio-helado-copia\/#breadcrumb\"},\"inLanguage\":\"es\",\"potentialAction\":[{\"@type\":\"ReadAction\",\"target\":[\"https:\/\/cristina.cat\/es\/producte\/silencio-helado-copia\/\"]}]},{\"@type\":\"ImageObject\",\"inLanguage\":\"es\",\"@id\":\"https:\/\/cristina.cat\/es\/producte\/silencio-helado-copia\/#primaryimage\",\"url\":\"https:\/\/cristina.cat\/wp-content\/uploads\/2025\/02\/IMG_0706-scaled.jpg\",\"contentUrl\":\"https:\/\/cristina.cat\/wp-content\/uploads\/2025\/02\/IMG_0706-scaled.jpg\",\"width\":2560,\"height\":1852,\"caption\":\"Oto\u00f1o en Can Boquet\"},{\"@type\":\"BreadcrumbList\",\"@id\":\"https:\/\/cristina.cat\/es\/producte\/silencio-helado-copia\/#breadcrumb\",\"itemListElement\":[{\"@type\":\"ListItem\",\"position\":1,\"name\":\"Inicio\",\"item\":\"https:\/\/cristina.cat\/\"},{\"@type\":\"ListItem\",\"position\":2,\"name\":\"Tienda\",\"item\":\"https:\/\/cristina.cat\/botiga\/\"},{\"@type\":\"ListItem\",\"position\":3,\"name\":\"Oto\u00f1o en Can Boquet\"}]},{\"@type\":\"WebSite\",\"@id\":\"https:\/\/cristina.cat\/#website\",\"url\":\"https:\/\/cristina.cat\/\",\"name\":\"c.freixas\",\"description\":\"art i disseny\",\"potentialAction\":[{\"@type\":\"SearchAction\",\"target\":{\"@type\":\"EntryPoint\",\"urlTemplate\":\"https:\/\/cristina.cat\/?s={search_term_string}\"},\"query-input\":{\"@type\":\"PropertyValueSpecification\",\"valueRequired\":true,\"valueName\":\"search_term_string\"}}],\"inLanguage\":\"es\"}]}<\/script>\n<!-- \/ Yoast SEO plugin. -->","yoast_head_json":{"title":"Oto\u00f1o en Can Boquet - c.freixas","description":"Paisaje impresionista de oto\u00f1o en Can Boquet, con espigas, flores y tonos sobrios que transmiten calma y nostalgia.","robots":{"index":"index","follow":"follow","max-snippet":"max-snippet:-1","max-image-preview":"max-image-preview:large","max-video-preview":"max-video-preview:-1"},"canonical":"https:\/\/cristina.cat\/es\/producte\/silencio-helado-copia\/","og_locale":"es_ES","og_type":"article","og_title":"Oto\u00f1o en Can Boquet - c.freixas","og_description":"Paisaje impresionista de oto\u00f1o en Can Boquet, con espigas, flores y tonos sobrios que transmiten calma y nostalgia.","og_url":"https:\/\/cristina.cat\/es\/producte\/silencio-helado-copia\/","og_site_name":"c.freixas","article_modified_time":"2025-04-04T18:17:19+00:00","og_image":[{"width":2560,"height":1852,"url":"https:\/\/cristina.cat\/wp-content\/uploads\/2025\/02\/IMG_0706-scaled.jpg","type":"image\/jpeg"}],"twitter_card":"summary_large_image","twitter_misc":{"Tiempo de lectura":"1 minuto"},"schema":{"@context":"https:\/\/schema.org","@graph":[{"@type":"WebPage","@id":"https:\/\/cristina.cat\/es\/producte\/silencio-helado-copia\/","url":"https:\/\/cristina.cat\/es\/producte\/silencio-helado-copia\/","name":"Oto\u00f1o en Can Boquet - c.freixas","isPartOf":{"@id":"https:\/\/cristina.cat\/#website"},"primaryImageOfPage":{"@id":"https:\/\/cristina.cat\/es\/producte\/silencio-helado-copia\/#primaryimage"},"image":{"@id":"https:\/\/cristina.cat\/es\/producte\/silencio-helado-copia\/#primaryimage"},"thumbnailUrl":"https:\/\/cristina.cat\/wp-content\/uploads\/2025\/02\/IMG_0706-scaled.jpg","datePublished":"2025-04-04T17:59:32+00:00","dateModified":"2025-04-04T18:17:19+00:00","description":"Paisaje impresionista de oto\u00f1o en Can Boquet, con espigas, flores y tonos sobrios que transmiten calma y nostalgia.","breadcrumb":{"@id":"https:\/\/cristina.cat\/es\/producte\/silencio-helado-copia\/#breadcrumb"},"inLanguage":"es","potentialAction":[{"@type":"ReadAction","target":["https:\/\/cristina.cat\/es\/producte\/silencio-helado-copia\/"]}]},{"@type":"ImageObject","inLanguage":"es","@id":"https:\/\/cristina.cat\/es\/producte\/silencio-helado-copia\/#primaryimage","url":"https:\/\/cristina.cat\/wp-content\/uploads\/2025\/02\/IMG_0706-scaled.jpg","contentUrl":"https:\/\/cristina.cat\/wp-content\/uploads\/2025\/02\/IMG_0706-scaled.jpg","width":2560,"height":1852,"caption":"Oto\u00f1o en Can Boquet"},{"@type":"BreadcrumbList","@id":"https:\/\/cristina.cat\/es\/producte\/silencio-helado-copia\/#breadcrumb","itemListElement":[{"@type":"ListItem","position":1,"name":"Inicio","item":"https:\/\/cristina.cat\/"},{"@type":"ListItem","position":2,"name":"Tienda","item":"https:\/\/cristina.cat\/botiga\/"},{"@type":"ListItem","position":3,"name":"Oto\u00f1o en Can Boquet"}]},{"@type":"WebSite","@id":"https:\/\/cristina.cat\/#website","url":"https:\/\/cristina.cat\/","name":"c.freixas","description":"art i disseny","potentialAction":[{"@type":"SearchAction","target":{"@type":"EntryPoint","urlTemplate":"https:\/\/cristina.cat\/?s={search_term_string}"},"query-input":{"@type":"PropertyValueSpecification","valueRequired":true,"valueName":"search_term_string"}}],"inLanguage":"es"}]}},"_links":{"self":[{"href":"https:\/\/cristina.cat\/es\/wp-json\/wp\/v2\/product\/4070","targetHints":{"allow":["GET"]}}],"collection":[{"href":"https:\/\/cristina.cat\/es\/wp-json\/wp\/v2\/product"}],"about":[{"href":"https:\/\/cristina.cat\/es\/wp-json\/wp\/v2\/types\/product"}],"wp:featuredmedia":[{"embeddable":true,"href":"https:\/\/cristina.cat\/es\/wp-json\/wp\/v2\/media\/4066"}],"wp:attachment":[{"href":"https:\/\/cristina.cat\/es\/wp-json\/wp\/v2\/media?parent=4070"}],"wp:term":[{"taxonomy":"product_brand","embeddable":true,"href":"https:\/\/cristina.cat\/es\/wp-json\/wp\/v2\/product_brand?post=4070"},{"taxonomy":"product_cat","embeddable":true,"href":"https:\/\/cristina.cat\/es\/wp-json\/wp\/v2\/product_cat?post=4070"},{"taxonomy":"product_tag","embeddable":true,"href":"https:\/\/cristina.cat\/es\/wp-json\/wp\/v2\/product_tag?post=4070"}],"curies":[{"name":"wp","href":"https:\/\/api.w.org\/{rel}","templated":true}]}}