{"id":3991,"date":"2025-03-11T21:40:19","date_gmt":"2025-03-11T19:40:20","guid":{"rendered":"https:\/\/cristina.cat\/?post_type=product&#038;p=3991"},"modified":"2025-03-12T18:56:39","modified_gmt":"2025-03-12T16:56:39","slug":"caminos-de-la-roca-del-valles-copia-2","status":"publish","type":"product","link":"https:\/\/cristina.cat\/es\/producte\/caminos-de-la-roca-del-valles-copia-2\/","title":{"rendered":"Ecos de oto\u00f1o"},"content":{"rendered":"<p data-start=\"845\" data-end=\"1411\">\u00abEcos de oto\u00f1o\u00bb es una obra que captura la esencia vibrante de esta estaci\u00f3n, donde los \u00e1rboles se visten con tonalidades c\u00e1lidas de rojo y naranja. Ejecutada con pastel seco, la pintura presenta un primer plano de un \u00e1rbol rojizo, mientras que en el fondo se acercan otros \u00e1rboles con los mismos tonos ardientes. El trazo impresionista transmite la ligereza del viento y el baile de las hojas, creando una sensaci\u00f3n de equilibrio entre la naturaleza y el tiempo. Una obra que evoca la serenidad de un paisaje de oto\u00f1o lleno de luz y calidez.<\/p>\n<h3 class=\"\" data-fontsize=\"36\" data-lineheight=\"36px\">Pinturas originales a pastel<\/h3>\n<p data-start=\"0\" data-end=\"191\">Creadas con dedicaci\u00f3n e inspiraci\u00f3n. Cada pieza es \u00fanica, hecha a mano con pasteles de alta calidad sobre papel especial, capturando momentos y atm\u00f3sferas irrepetibles.<\/p>\n<p>Mi arte nace del paisaje que me rodea en \u00d2rrius, de la calma de los bosques y la calidez de los campos. Me apasionan los colores terrosos de la naturaleza, los azules cambiantes del cielo y la forma en que la luz transforma cada rinc\u00f3n del paisaje a lo largo del d\u00eda. Oto\u00f1o e invierno son mis estaciones favoritas para pintar, cuando los tonos se vuelven m\u00e1s profundos y sugerentes, creando una paleta rica en emociones y texturas.<\/p>\n<p data-start=\"612\" data-end=\"846\" data-is-last-node=\"\">Cada pintura refleja mi conexi\u00f3n con el entorno y mi manera de verlo, transformando instantes ef\u00edmeros en obras que transmiten paz y armon\u00eda.<\/p>\n<h3 class=\"fusion-responsive-typography-calculated\" data-start=\"0\" data-end=\"191\" data-fontsize=\"36\" data-lineheight=\"36px\">Materiales<\/h3>\n<p data-start=\"21\" data-end=\"269\">Trabajo con materiales de alta calidad para garantizar que cada pintura sea duradera y fiel a los colores originales. Utilizo <strong>papel libre de \u00e1cido, 100% algod\u00f3n<\/strong>, seleccionado por su textura y resistencia, ofreciendo una base \u00f3ptima para los pasteles.<\/p>\n<p><strong>Los pasteles que utilizo est\u00e1n elaborados con pigmentos de la m\u00e1s alta calidad<\/strong>, eligiendo cuidadosamente aquellos con la mejor resistencia a la luz. Esto asegura que tu pintura mantenga su intensidad y belleza a lo largo del tiempo, sin perder vivacidad ni desvanecerse.<\/p>\n<h3 class=\"\" data-start=\"21\" data-end=\"269\" data-fontsize=\"36\" data-lineheight=\"36px\">Una cosa m\u00e1s\u2026<\/h3>\n<p>Todas las obras de mi tienda est\u00e1n creadas por m\u00ed, con mis propias manos. <strong>Sin impresiones. Sin arte digital. Y definitivamente, sin IA.<\/strong><\/p>\n<p>Cada pieza es \u00fanica, resultado de mi tiempo, dedicaci\u00f3n y pasi\u00f3n por la pintura al pastel.<\/p>\n<p>\u00a1Gracias por tu visita y por valorar la autenticidad del arte hecho a mano!<\/p>\n","protected":false},"excerpt":{"rendered":"<p>Paisaje en pastel seco sobre papel Pastelmat<br \/>\n\ud83d\udccf Tama\u00f1o: 23&#215;31 cm (con marco de 30&#215;40 cm, color roble)<br \/>\n\ud83c\udfa8 T\u00e9cnica: Pastel seco sobre papel de alta calidad<br \/>\n\ud83d\uddbc Obra original y \u00fanica, firmada por el artista<\/p>\n","protected":false},"featured_media":2769,"template":"","meta":{"_vp_format_video_url":"","_vp_image_focal_point":[]},"product_brand":[],"product_cat":[69],"product_tag":[70,71,94,95,72,73,74],"class_list":{"0":"post-3991","1":"product","2":"type-product","3":"status-publish","4":"has-post-thumbnail","6":"product_cat-pastel-es","7":"product_tag-art-es","8":"product_tag-c-freixas-es","9":"product_tag-crepuscle-es","10":"product_tag-neu-es","11":"product_tag-paisatge-es","12":"product_tag-pastel-es","13":"product_tag-pintura-es","15":"first","16":"instock","17":"shipping-taxable","18":"purchasable","19":"product-type-simple"},"yoast_head":"<!-- This site is optimized with the Yoast SEO plugin v24.6 - https:\/\/yoast.com\/wordpress\/plugins\/seo\/ -->\n<title>Ecos de oto\u00f1o - c.freixas<\/title>\n<meta name=\"description\" content=\"&quot;Ecos de oto\u00f1o&quot; captura la belleza vibrante del oto\u00f1o con una sensaci\u00f3n de serenidad, invitando a la contemplaci\u00f3n de la naturaleza en su m\u00e1ximo esplendor.\" \/>\n<meta name=\"robots\" content=\"index, follow, max-snippet:-1, max-image-preview:large, max-video-preview:-1\" \/>\n<link rel=\"canonical\" href=\"https:\/\/cristina.cat\/es\/producte\/caminos-de-la-roca-del-valles-copia-2\/\" \/>\n<meta property=\"og:locale\" content=\"es_ES\" \/>\n<meta property=\"og:type\" content=\"article\" \/>\n<meta property=\"og:title\" content=\"Ecos de oto\u00f1o - c.freixas\" \/>\n<meta property=\"og:description\" content=\"&quot;Ecos de oto\u00f1o&quot; captura la belleza vibrante del oto\u00f1o con una sensaci\u00f3n de serenidad, invitando a la contemplaci\u00f3n de la naturaleza en su m\u00e1ximo esplendor.\" \/>\n<meta property=\"og:url\" content=\"https:\/\/cristina.cat\/es\/producte\/caminos-de-la-roca-del-valles-copia-2\/\" \/>\n<meta property=\"og:site_name\" content=\"c.freixas\" \/>\n<meta property=\"article:modified_time\" content=\"2025-03-12T16:56:39+00:00\" \/>\n<meta property=\"og:image\" content=\"https:\/\/cristina.cat\/wp-content\/uploads\/2025\/02\/IMG_3437-scaled.jpg\" \/>\n\t<meta property=\"og:image:width\" content=\"2560\" \/>\n\t<meta property=\"og:image:height\" content=\"1890\" \/>\n\t<meta property=\"og:image:type\" content=\"image\/jpeg\" \/>\n<meta name=\"twitter:card\" content=\"summary_large_image\" \/>\n<meta name=\"twitter:label1\" content=\"Tiempo de lectura\" \/>\n\t<meta name=\"twitter:data1\" content=\"2 minutos\" \/>\n<script type=\"application\/ld+json\" class=\"yoast-schema-graph\">{\"@context\":\"https:\/\/schema.org\",\"@graph\":[{\"@type\":\"WebPage\",\"@id\":\"https:\/\/cristina.cat\/es\/producte\/caminos-de-la-roca-del-valles-copia-2\/\",\"url\":\"https:\/\/cristina.cat\/es\/producte\/caminos-de-la-roca-del-valles-copia-2\/\",\"name\":\"Ecos de oto\u00f1o - c.freixas\",\"isPartOf\":{\"@id\":\"https:\/\/cristina.cat\/#website\"},\"primaryImageOfPage\":{\"@id\":\"https:\/\/cristina.cat\/es\/producte\/caminos-de-la-roca-del-valles-copia-2\/#primaryimage\"},\"image\":{\"@id\":\"https:\/\/cristina.cat\/es\/producte\/caminos-de-la-roca-del-valles-copia-2\/#primaryimage\"},\"thumbnailUrl\":\"https:\/\/cristina.cat\/wp-content\/uploads\/2025\/02\/IMG_3437-scaled.jpg\",\"datePublished\":\"2025-03-11T19:40:20+00:00\",\"dateModified\":\"2025-03-12T16:56:39+00:00\",\"description\":\"\\\"Ecos de oto\u00f1o\\\" captura la belleza vibrante del oto\u00f1o con una sensaci\u00f3n de serenidad, invitando a la contemplaci\u00f3n de la naturaleza en su m\u00e1ximo esplendor.\",\"breadcrumb\":{\"@id\":\"https:\/\/cristina.cat\/es\/producte\/caminos-de-la-roca-del-valles-copia-2\/#breadcrumb\"},\"inLanguage\":\"es\",\"potentialAction\":[{\"@type\":\"ReadAction\",\"target\":[\"https:\/\/cristina.cat\/es\/producte\/caminos-de-la-roca-del-valles-copia-2\/\"]}]},{\"@type\":\"ImageObject\",\"inLanguage\":\"es\",\"@id\":\"https:\/\/cristina.cat\/es\/producte\/caminos-de-la-roca-del-valles-copia-2\/#primaryimage\",\"url\":\"https:\/\/cristina.cat\/wp-content\/uploads\/2025\/02\/IMG_3437-scaled.jpg\",\"contentUrl\":\"https:\/\/cristina.cat\/wp-content\/uploads\/2025\/02\/IMG_3437-scaled.jpg\",\"width\":2560,\"height\":1890},{\"@type\":\"BreadcrumbList\",\"@id\":\"https:\/\/cristina.cat\/es\/producte\/caminos-de-la-roca-del-valles-copia-2\/#breadcrumb\",\"itemListElement\":[{\"@type\":\"ListItem\",\"position\":1,\"name\":\"Inicio\",\"item\":\"https:\/\/cristina.cat\/\"},{\"@type\":\"ListItem\",\"position\":2,\"name\":\"Tienda\",\"item\":\"https:\/\/cristina.cat\/botiga\/\"},{\"@type\":\"ListItem\",\"position\":3,\"name\":\"Ecos de oto\u00f1o\"}]},{\"@type\":\"WebSite\",\"@id\":\"https:\/\/cristina.cat\/#website\",\"url\":\"https:\/\/cristina.cat\/\",\"name\":\"c.freixas\",\"description\":\"art i disseny\",\"potentialAction\":[{\"@type\":\"SearchAction\",\"target\":{\"@type\":\"EntryPoint\",\"urlTemplate\":\"https:\/\/cristina.cat\/?s={search_term_string}\"},\"query-input\":{\"@type\":\"PropertyValueSpecification\",\"valueRequired\":true,\"valueName\":\"search_term_string\"}}],\"inLanguage\":\"es\"}]}<\/script>\n<!-- \/ Yoast SEO plugin. -->","yoast_head_json":{"title":"Ecos de oto\u00f1o - c.freixas","description":"\"Ecos de oto\u00f1o\" captura la belleza vibrante del oto\u00f1o con una sensaci\u00f3n de serenidad, invitando a la contemplaci\u00f3n de la naturaleza en su m\u00e1ximo esplendor.","robots":{"index":"index","follow":"follow","max-snippet":"max-snippet:-1","max-image-preview":"max-image-preview:large","max-video-preview":"max-video-preview:-1"},"canonical":"https:\/\/cristina.cat\/es\/producte\/caminos-de-la-roca-del-valles-copia-2\/","og_locale":"es_ES","og_type":"article","og_title":"Ecos de oto\u00f1o - c.freixas","og_description":"\"Ecos de oto\u00f1o\" captura la belleza vibrante del oto\u00f1o con una sensaci\u00f3n de serenidad, invitando a la contemplaci\u00f3n de la naturaleza en su m\u00e1ximo esplendor.","og_url":"https:\/\/cristina.cat\/es\/producte\/caminos-de-la-roca-del-valles-copia-2\/","og_site_name":"c.freixas","article_modified_time":"2025-03-12T16:56:39+00:00","og_image":[{"width":2560,"height":1890,"url":"https:\/\/cristina.cat\/wp-content\/uploads\/2025\/02\/IMG_3437-scaled.jpg","type":"image\/jpeg"}],"twitter_card":"summary_large_image","twitter_misc":{"Tiempo de lectura":"2 minutos"},"schema":{"@context":"https:\/\/schema.org","@graph":[{"@type":"WebPage","@id":"https:\/\/cristina.cat\/es\/producte\/caminos-de-la-roca-del-valles-copia-2\/","url":"https:\/\/cristina.cat\/es\/producte\/caminos-de-la-roca-del-valles-copia-2\/","name":"Ecos de oto\u00f1o - c.freixas","isPartOf":{"@id":"https:\/\/cristina.cat\/#website"},"primaryImageOfPage":{"@id":"https:\/\/cristina.cat\/es\/producte\/caminos-de-la-roca-del-valles-copia-2\/#primaryimage"},"image":{"@id":"https:\/\/cristina.cat\/es\/producte\/caminos-de-la-roca-del-valles-copia-2\/#primaryimage"},"thumbnailUrl":"https:\/\/cristina.cat\/wp-content\/uploads\/2025\/02\/IMG_3437-scaled.jpg","datePublished":"2025-03-11T19:40:20+00:00","dateModified":"2025-03-12T16:56:39+00:00","description":"\"Ecos de oto\u00f1o\" captura la belleza vibrante del oto\u00f1o con una sensaci\u00f3n de serenidad, invitando a la contemplaci\u00f3n de la naturaleza en su m\u00e1ximo esplendor.","breadcrumb":{"@id":"https:\/\/cristina.cat\/es\/producte\/caminos-de-la-roca-del-valles-copia-2\/#breadcrumb"},"inLanguage":"es","potentialAction":[{"@type":"ReadAction","target":["https:\/\/cristina.cat\/es\/producte\/caminos-de-la-roca-del-valles-copia-2\/"]}]},{"@type":"ImageObject","inLanguage":"es","@id":"https:\/\/cristina.cat\/es\/producte\/caminos-de-la-roca-del-valles-copia-2\/#primaryimage","url":"https:\/\/cristina.cat\/wp-content\/uploads\/2025\/02\/IMG_3437-scaled.jpg","contentUrl":"https:\/\/cristina.cat\/wp-content\/uploads\/2025\/02\/IMG_3437-scaled.jpg","width":2560,"height":1890},{"@type":"BreadcrumbList","@id":"https:\/\/cristina.cat\/es\/producte\/caminos-de-la-roca-del-valles-copia-2\/#breadcrumb","itemListElement":[{"@type":"ListItem","position":1,"name":"Inicio","item":"https:\/\/cristina.cat\/"},{"@type":"ListItem","position":2,"name":"Tienda","item":"https:\/\/cristina.cat\/botiga\/"},{"@type":"ListItem","position":3,"name":"Ecos de oto\u00f1o"}]},{"@type":"WebSite","@id":"https:\/\/cristina.cat\/#website","url":"https:\/\/cristina.cat\/","name":"c.freixas","description":"art i disseny","potentialAction":[{"@type":"SearchAction","target":{"@type":"EntryPoint","urlTemplate":"https:\/\/cristina.cat\/?s={search_term_string}"},"query-input":{"@type":"PropertyValueSpecification","valueRequired":true,"valueName":"search_term_string"}}],"inLanguage":"es"}]}},"_links":{"self":[{"href":"https:\/\/cristina.cat\/es\/wp-json\/wp\/v2\/product\/3991","targetHints":{"allow":["GET"]}}],"collection":[{"href":"https:\/\/cristina.cat\/es\/wp-json\/wp\/v2\/product"}],"about":[{"href":"https:\/\/cristina.cat\/es\/wp-json\/wp\/v2\/types\/product"}],"wp:featuredmedia":[{"embeddable":true,"href":"https:\/\/cristina.cat\/es\/wp-json\/wp\/v2\/media\/2769"}],"wp:attachment":[{"href":"https:\/\/cristina.cat\/es\/wp-json\/wp\/v2\/media?parent=3991"}],"wp:term":[{"taxonomy":"product_brand","embeddable":true,"href":"https:\/\/cristina.cat\/es\/wp-json\/wp\/v2\/product_brand?post=3991"},{"taxonomy":"product_cat","embeddable":true,"href":"https:\/\/cristina.cat\/es\/wp-json\/wp\/v2\/product_cat?post=3991"},{"taxonomy":"product_tag","embeddable":true,"href":"https:\/\/cristina.cat\/es\/wp-json\/wp\/v2\/product_tag?post=3991"}],"curies":[{"name":"wp","href":"https:\/\/api.w.org\/{rel}","templated":true}]}}