{"id":3892,"date":"2025-03-10T13:31:09","date_gmt":"2025-03-10T11:31:10","guid":{"rendered":"https:\/\/cristina.cat\/?post_type=product&#038;p=3892"},"modified":"2025-03-10T13:52:56","modified_gmt":"2025-03-10T11:52:56","slug":"rio-de-luz-tenue-copia","status":"publish","type":"product","link":"https:\/\/cristina.cat\/es\/producte\/rio-de-luz-tenue-copia\/","title":{"rendered":"Caminos de la Roca del Vall\u00e8s"},"content":{"rendered":"<p data-start=\"845\" data-end=\"1411\">Esta pintura al pastel captura la tranquilidad de un paisaje natural de la roca del Vall\u00e8s, con un primer plano de campos en tonos sienas que se funden con el lejano horizonte de bosques y arbustos. El tratamiento impresionista de la luz crea una atm\u00f3sfera c\u00e1lida y serena, mientras que los matices difuminados evocan una sensaci\u00f3n de calma y reflexi\u00f3n. La composici\u00f3n transmite una belleza ef\u00edmera, inspirando una sensaci\u00f3n de amplitud y armon\u00eda. Esta obra es un homenaje a la naturaleza en su estado m\u00e1s sereno e intacto.<\/p>\n<h3 class=\"\" data-fontsize=\"36\" data-lineheight=\"36px\">Pinturas originales a pastel<\/h3>\n<p data-start=\"0\" data-end=\"191\">Creadas con dedicaci\u00f3n e inspiraci\u00f3n. Cada pieza es \u00fanica, hecha a mano con pasteles de alta calidad sobre papel especial, capturando momentos y atm\u00f3sferas irrepetibles.<\/p>\n<p>Mi arte nace del paisaje que me rodea en \u00d2rrius, de la calma de los bosques y la calidez de los campos. Me apasionan los colores terrosos de la naturaleza, los azules cambiantes del cielo y la forma en que la luz transforma cada rinc\u00f3n del paisaje a lo largo del d\u00eda. Oto\u00f1o e invierno son mis estaciones favoritas para pintar, cuando los tonos se vuelven m\u00e1s profundos y sugerentes, creando una paleta rica en emociones y texturas.<\/p>\n<p data-start=\"612\" data-end=\"846\" data-is-last-node=\"\">Cada pintura refleja mi conexi\u00f3n con el entorno y mi manera de verlo, transformando instantes ef\u00edmeros en obras que transmiten paz y armon\u00eda.<\/p>\n<h3 class=\"fusion-responsive-typography-calculated\" data-start=\"0\" data-end=\"191\" data-fontsize=\"36\" data-lineheight=\"36px\">Materiales<\/h3>\n<p data-start=\"21\" data-end=\"269\">Trabajo con materiales de alta calidad para garantizar que cada pintura sea duradera y fiel a los colores originales. Utilizo <strong>papel libre de \u00e1cido, 100% algod\u00f3n<\/strong>, seleccionado por su textura y resistencia, ofreciendo una base \u00f3ptima para los pasteles.<\/p>\n<p><strong>Los pasteles que utilizo est\u00e1n elaborados con pigmentos de la m\u00e1s alta calidad<\/strong>, eligiendo cuidadosamente aquellos con la mejor resistencia a la luz. Esto asegura que tu pintura mantenga su intensidad y belleza a lo largo del tiempo, sin perder vivacidad ni desvanecerse.<\/p>\n<h3 class=\"\" data-start=\"21\" data-end=\"269\" data-fontsize=\"36\" data-lineheight=\"36px\">Una cosa m\u00e1s\u2026<\/h3>\n<p>Todas las obras de mi tienda est\u00e1n creadas por m\u00ed, con mis propias manos. <strong>Sin impresiones. Sin arte digital. Y definitivamente, sin IA.<\/strong><\/p>\n<p>Cada pieza es \u00fanica, resultado de mi tiempo, dedicaci\u00f3n y pasi\u00f3n por la pintura al pastel.<\/p>\n<p>\u00a1Gracias por tu visita y por valorar la autenticidad del arte hecho a mano!<\/p>\n","protected":false},"excerpt":{"rendered":"<p>Paisaje en pastel seco sobre papel Pastelmat<br \/>\n\ud83d\udccf Tama\u00f1o: 23&#215;31 cm (con marco de 30&#215;40 cm, color roble)<br \/>\n\ud83c\udfa8 T\u00e9cnica: Pastel seco sobre papel de alta calidad<br \/>\n\ud83d\uddbc Obra original y \u00fanica, firmada por el artista<\/p>\n","protected":false},"featured_media":3457,"template":"","meta":{"_vp_format_video_url":"","_vp_image_focal_point":[]},"product_brand":[],"product_cat":[69],"product_tag":[70,71,94,95,72,73,74],"class_list":{"0":"post-3892","1":"product","2":"type-product","3":"status-publish","4":"has-post-thumbnail","6":"product_cat-pastel-es","7":"product_tag-art-es","8":"product_tag-c-freixas-es","9":"product_tag-crepuscle-es","10":"product_tag-neu-es","11":"product_tag-paisatge-es","12":"product_tag-pastel-es","13":"product_tag-pintura-es","15":"first","16":"instock","17":"shipping-taxable","18":"purchasable","19":"product-type-simple"},"yoast_head":"<!-- This site is optimized with the Yoast SEO plugin v24.6 - https:\/\/yoast.com\/wordpress\/plugins\/seo\/ -->\n<title>Caminos de la Roca del Vall\u00e8s - c.freixas<\/title>\n<meta name=\"description\" content=\"Pintura a pastel de un paisaje de la Roca del Vall\u00e8s, con campos de color sienna y \u00e1rboles a lo lejos. Estilo impresionista con luz suave del atardecer\" \/>\n<meta name=\"robots\" content=\"index, follow, max-snippet:-1, max-image-preview:large, max-video-preview:-1\" \/>\n<link rel=\"canonical\" href=\"https:\/\/cristina.cat\/es\/producte\/rio-de-luz-tenue-copia\/\" \/>\n<meta property=\"og:locale\" content=\"es_ES\" \/>\n<meta property=\"og:type\" content=\"article\" \/>\n<meta property=\"og:title\" content=\"Caminos de la Roca del Vall\u00e8s - c.freixas\" \/>\n<meta property=\"og:description\" content=\"Pintura a pastel de un paisaje de la Roca del Vall\u00e8s, con campos de color sienna y \u00e1rboles a lo lejos. Estilo impresionista con luz suave del atardecer\" \/>\n<meta property=\"og:url\" content=\"https:\/\/cristina.cat\/es\/producte\/rio-de-luz-tenue-copia\/\" \/>\n<meta property=\"og:site_name\" content=\"c.freixas\" \/>\n<meta property=\"article:modified_time\" content=\"2025-03-10T11:52:56+00:00\" \/>\n<meta property=\"og:image\" content=\"https:\/\/cristina.cat\/wp-content\/uploads\/2025\/02\/sl_6.png\" \/>\n\t<meta property=\"og:image:width\" content=\"1500\" \/>\n\t<meta property=\"og:image:height\" content=\"1500\" \/>\n\t<meta property=\"og:image:type\" content=\"image\/png\" \/>\n<meta name=\"twitter:card\" content=\"summary_large_image\" \/>\n<meta name=\"twitter:label1\" content=\"Tiempo de lectura\" \/>\n\t<meta name=\"twitter:data1\" content=\"2 minutos\" \/>\n<script type=\"application\/ld+json\" class=\"yoast-schema-graph\">{\"@context\":\"https:\/\/schema.org\",\"@graph\":[{\"@type\":\"WebPage\",\"@id\":\"https:\/\/cristina.cat\/es\/producte\/rio-de-luz-tenue-copia\/\",\"url\":\"https:\/\/cristina.cat\/es\/producte\/rio-de-luz-tenue-copia\/\",\"name\":\"Caminos de la Roca del Vall\u00e8s - c.freixas\",\"isPartOf\":{\"@id\":\"https:\/\/cristina.cat\/#website\"},\"primaryImageOfPage\":{\"@id\":\"https:\/\/cristina.cat\/es\/producte\/rio-de-luz-tenue-copia\/#primaryimage\"},\"image\":{\"@id\":\"https:\/\/cristina.cat\/es\/producte\/rio-de-luz-tenue-copia\/#primaryimage\"},\"thumbnailUrl\":\"https:\/\/cristina.cat\/wp-content\/uploads\/2025\/02\/sl_6.png\",\"datePublished\":\"2025-03-10T11:31:10+00:00\",\"dateModified\":\"2025-03-10T11:52:56+00:00\",\"description\":\"Pintura a pastel de un paisaje de la Roca del Vall\u00e8s, con campos de color sienna y \u00e1rboles a lo lejos. Estilo impresionista con luz suave del atardecer\",\"breadcrumb\":{\"@id\":\"https:\/\/cristina.cat\/es\/producte\/rio-de-luz-tenue-copia\/#breadcrumb\"},\"inLanguage\":\"es\",\"potentialAction\":[{\"@type\":\"ReadAction\",\"target\":[\"https:\/\/cristina.cat\/es\/producte\/rio-de-luz-tenue-copia\/\"]}]},{\"@type\":\"ImageObject\",\"inLanguage\":\"es\",\"@id\":\"https:\/\/cristina.cat\/es\/producte\/rio-de-luz-tenue-copia\/#primaryimage\",\"url\":\"https:\/\/cristina.cat\/wp-content\/uploads\/2025\/02\/sl_6.png\",\"contentUrl\":\"https:\/\/cristina.cat\/wp-content\/uploads\/2025\/02\/sl_6.png\",\"width\":1500,\"height\":1500},{\"@type\":\"BreadcrumbList\",\"@id\":\"https:\/\/cristina.cat\/es\/producte\/rio-de-luz-tenue-copia\/#breadcrumb\",\"itemListElement\":[{\"@type\":\"ListItem\",\"position\":1,\"name\":\"Inicio\",\"item\":\"https:\/\/cristina.cat\/\"},{\"@type\":\"ListItem\",\"position\":2,\"name\":\"Tienda\",\"item\":\"https:\/\/cristina.cat\/botiga\/\"},{\"@type\":\"ListItem\",\"position\":3,\"name\":\"Caminos de la Roca del Vall\u00e8s\"}]},{\"@type\":\"WebSite\",\"@id\":\"https:\/\/cristina.cat\/#website\",\"url\":\"https:\/\/cristina.cat\/\",\"name\":\"c.freixas\",\"description\":\"art i disseny\",\"potentialAction\":[{\"@type\":\"SearchAction\",\"target\":{\"@type\":\"EntryPoint\",\"urlTemplate\":\"https:\/\/cristina.cat\/?s={search_term_string}\"},\"query-input\":{\"@type\":\"PropertyValueSpecification\",\"valueRequired\":true,\"valueName\":\"search_term_string\"}}],\"inLanguage\":\"es\"}]}<\/script>\n<!-- \/ Yoast SEO plugin. -->","yoast_head_json":{"title":"Caminos de la Roca del Vall\u00e8s - c.freixas","description":"Pintura a pastel de un paisaje de la Roca del Vall\u00e8s, con campos de color sienna y \u00e1rboles a lo lejos. Estilo impresionista con luz suave del atardecer","robots":{"index":"index","follow":"follow","max-snippet":"max-snippet:-1","max-image-preview":"max-image-preview:large","max-video-preview":"max-video-preview:-1"},"canonical":"https:\/\/cristina.cat\/es\/producte\/rio-de-luz-tenue-copia\/","og_locale":"es_ES","og_type":"article","og_title":"Caminos de la Roca del Vall\u00e8s - c.freixas","og_description":"Pintura a pastel de un paisaje de la Roca del Vall\u00e8s, con campos de color sienna y \u00e1rboles a lo lejos. Estilo impresionista con luz suave del atardecer","og_url":"https:\/\/cristina.cat\/es\/producte\/rio-de-luz-tenue-copia\/","og_site_name":"c.freixas","article_modified_time":"2025-03-10T11:52:56+00:00","og_image":[{"width":1500,"height":1500,"url":"https:\/\/cristina.cat\/wp-content\/uploads\/2025\/02\/sl_6.png","type":"image\/png"}],"twitter_card":"summary_large_image","twitter_misc":{"Tiempo de lectura":"2 minutos"},"schema":{"@context":"https:\/\/schema.org","@graph":[{"@type":"WebPage","@id":"https:\/\/cristina.cat\/es\/producte\/rio-de-luz-tenue-copia\/","url":"https:\/\/cristina.cat\/es\/producte\/rio-de-luz-tenue-copia\/","name":"Caminos de la Roca del Vall\u00e8s - c.freixas","isPartOf":{"@id":"https:\/\/cristina.cat\/#website"},"primaryImageOfPage":{"@id":"https:\/\/cristina.cat\/es\/producte\/rio-de-luz-tenue-copia\/#primaryimage"},"image":{"@id":"https:\/\/cristina.cat\/es\/producte\/rio-de-luz-tenue-copia\/#primaryimage"},"thumbnailUrl":"https:\/\/cristina.cat\/wp-content\/uploads\/2025\/02\/sl_6.png","datePublished":"2025-03-10T11:31:10+00:00","dateModified":"2025-03-10T11:52:56+00:00","description":"Pintura a pastel de un paisaje de la Roca del Vall\u00e8s, con campos de color sienna y \u00e1rboles a lo lejos. Estilo impresionista con luz suave del atardecer","breadcrumb":{"@id":"https:\/\/cristina.cat\/es\/producte\/rio-de-luz-tenue-copia\/#breadcrumb"},"inLanguage":"es","potentialAction":[{"@type":"ReadAction","target":["https:\/\/cristina.cat\/es\/producte\/rio-de-luz-tenue-copia\/"]}]},{"@type":"ImageObject","inLanguage":"es","@id":"https:\/\/cristina.cat\/es\/producte\/rio-de-luz-tenue-copia\/#primaryimage","url":"https:\/\/cristina.cat\/wp-content\/uploads\/2025\/02\/sl_6.png","contentUrl":"https:\/\/cristina.cat\/wp-content\/uploads\/2025\/02\/sl_6.png","width":1500,"height":1500},{"@type":"BreadcrumbList","@id":"https:\/\/cristina.cat\/es\/producte\/rio-de-luz-tenue-copia\/#breadcrumb","itemListElement":[{"@type":"ListItem","position":1,"name":"Inicio","item":"https:\/\/cristina.cat\/"},{"@type":"ListItem","position":2,"name":"Tienda","item":"https:\/\/cristina.cat\/botiga\/"},{"@type":"ListItem","position":3,"name":"Caminos de la Roca del Vall\u00e8s"}]},{"@type":"WebSite","@id":"https:\/\/cristina.cat\/#website","url":"https:\/\/cristina.cat\/","name":"c.freixas","description":"art i disseny","potentialAction":[{"@type":"SearchAction","target":{"@type":"EntryPoint","urlTemplate":"https:\/\/cristina.cat\/?s={search_term_string}"},"query-input":{"@type":"PropertyValueSpecification","valueRequired":true,"valueName":"search_term_string"}}],"inLanguage":"es"}]}},"_links":{"self":[{"href":"https:\/\/cristina.cat\/es\/wp-json\/wp\/v2\/product\/3892","targetHints":{"allow":["GET"]}}],"collection":[{"href":"https:\/\/cristina.cat\/es\/wp-json\/wp\/v2\/product"}],"about":[{"href":"https:\/\/cristina.cat\/es\/wp-json\/wp\/v2\/types\/product"}],"wp:featuredmedia":[{"embeddable":true,"href":"https:\/\/cristina.cat\/es\/wp-json\/wp\/v2\/media\/3457"}],"wp:attachment":[{"href":"https:\/\/cristina.cat\/es\/wp-json\/wp\/v2\/media?parent=3892"}],"wp:term":[{"taxonomy":"product_brand","embeddable":true,"href":"https:\/\/cristina.cat\/es\/wp-json\/wp\/v2\/product_brand?post=3892"},{"taxonomy":"product_cat","embeddable":true,"href":"https:\/\/cristina.cat\/es\/wp-json\/wp\/v2\/product_cat?post=3892"},{"taxonomy":"product_tag","embeddable":true,"href":"https:\/\/cristina.cat\/es\/wp-json\/wp\/v2\/product_tag?post=3892"}],"curies":[{"name":"wp","href":"https:\/\/api.w.org\/{rel}","templated":true}]}}