{"id":3858,"date":"2025-03-09T19:03:28","date_gmt":"2025-03-09T17:03:29","guid":{"rendered":"https:\/\/cristina.cat\/?post_type=product&#038;p=3858"},"modified":"2025-03-09T19:15:07","modified_gmt":"2025-03-09T17:15:07","slug":"camino-de-flores-vibrantes-copia","status":"publish","type":"product","link":"https:\/\/cristina.cat\/es\/producte\/camino-de-flores-vibrantes-copia\/","title":{"rendered":"Tierras de Silencio"},"content":{"rendered":"<p data-start=\"874\" data-end=\"1197\"><strong data-start=\"646\" data-end=\"671\">\u00abTierras de Silencio\u00bb<\/strong> es una obra que captura la tranquilidad y la serenidad de un paisaje en el que los tonos tostados se mezclan con las monta\u00f1as lilas al fondo. La pintura transmite una sensaci\u00f3n de calma profunda, como si el tiempo se congelara en un momento de absoluta quietud. Los trazos suaves y la paleta de colores acogedores nos invitan a perdernos en un lugar remoto, donde solo el silencio y la naturaleza predominan. Una obra que evoca la belleza de un paisaje lejano, donde la paz y la distancia son los protagonistas.<\/p>\n<h3 data-start=\"0\" data-end=\"490\">Pinturas originales en pastel<\/h3>\n<p data-start=\"0\" data-end=\"191\">Creadas con dedicaci\u00f3n e inspiraci\u00f3n. Cada pieza es \u00fanica, hecha a mano con pasteles de alta calidad sobre papel especial, capturando momentos y atm\u00f3sferas irrepetibles.<\/p>\n<p>Mi arte nace del paisaje que me rodea en \u00d2rrius, de la calma de los bosques y la calidez de los campos. Me apasionan los colores terrosos de la naturaleza, los azules cambiantes del cielo y la forma en que la luz transforma cada rinc\u00f3n del paisaje a lo largo del d\u00eda. Oto\u00f1o e invierno son mis estaciones favoritas para pintar, cuando los tonos se vuelven m\u00e1s profundos y sugerentes, creando una paleta rica en emociones y texturas.<\/p>\n<p data-start=\"612\" data-end=\"846\" data-is-last-node=\"\">Cada pintura refleja mi conexi\u00f3n con el entorno y mi manera de verlo, transformando instantes ef\u00edmeros en obras que transmiten paz y armon\u00eda.<\/p>\n<h3 data-start=\"0\" data-end=\"191\">Materiales<\/h3>\n<p data-start=\"21\" data-end=\"269\">Trabajo con materiales de alta calidad para garantizar que cada pintura sea duradera y fiel a los colores originales. Utilizo <strong>papel libre de \u00e1cido, 100% algod\u00f3n<\/strong>, seleccionado por su textura y resistencia, ofreciendo una base \u00f3ptima para los pasteles.<\/p>\n<p><strong>Los pasteles que utilizo est\u00e1n elaborados con pigmentos de la m\u00e1s alta calidad<\/strong>, eligiendo cuidadosamente aquellos con la mejor resistencia a la luz. Esto asegura que tu pintura mantenga su intensidad y belleza a lo largo del tiempo, sin perder vivacidad ni desvanecerse.<\/p>\n<h3>Una cosa m\u00e1s&#8230;<\/h3>\n<p>Todas las obras de mi tienda est\u00e1n creadas por m\u00ed, con mis propias manos. <strong>Sin impresiones. Sin arte digital. Y definitivamente, sin IA.<\/strong><\/p>\n<p>Cada pieza es \u00fanica, resultado de mi tiempo, dedicaci\u00f3n y pasi\u00f3n por la pintura al pastel.<\/p>\n<p>\u00a1Gracias por tu visita y por valorar la autenticidad del arte hecho a mano!<\/p>\n","protected":false},"excerpt":{"rendered":"<p>Paisaje en pastel seco sobre papel Pastelmat<br \/>\n\ud83d\udccf Medida: 15&#215;15 cm (con marco de 22&#215;22 cm, color roble)<br \/>\n\ud83c\udfa8 T\u00e9cnica: Pastel seco sobre papel de alta calidad<br \/>\n\ud83d\uddbc Obra original y \u00fanica, firmada por la artista<\/p>\n","protected":false},"featured_media":3040,"template":"","meta":{"_vp_format_video_url":"","_vp_image_focal_point":[]},"product_brand":[],"product_cat":[69],"product_tag":[70,71,72,73,74],"class_list":{"0":"post-3858","1":"product","2":"type-product","3":"status-publish","4":"has-post-thumbnail","6":"product_cat-pastel-es","7":"product_tag-art-es","8":"product_tag-c-freixas-es","9":"product_tag-paisatge-es","10":"product_tag-pastel-es","11":"product_tag-pintura-es","13":"first","14":"instock","15":"shipping-taxable","16":"purchasable","17":"product-type-simple"},"yoast_head":"<!-- This site is optimized with the Yoast SEO plugin v24.6 - https:\/\/yoast.com\/wordpress\/plugins\/seo\/ -->\n<title>Tierras de Silencio - c.freixas<\/title>\n<meta name=\"description\" content=\"Tierras de Silencio, pintura original de Cristina Freixas en pastel sec. Una obra \u00fanica que transmite serenidad y belleza natural.\" \/>\n<meta name=\"robots\" content=\"index, follow, max-snippet:-1, max-image-preview:large, max-video-preview:-1\" \/>\n<link rel=\"canonical\" href=\"https:\/\/cristina.cat\/es\/producte\/camino-de-flores-vibrantes-copia\/\" \/>\n<meta property=\"og:locale\" content=\"es_ES\" \/>\n<meta property=\"og:type\" content=\"article\" \/>\n<meta property=\"og:title\" content=\"Tierras de Silencio - c.freixas\" \/>\n<meta property=\"og:description\" content=\"Tierras de Silencio, pintura original de Cristina Freixas en pastel sec. Una obra \u00fanica que transmite serenidad y belleza natural.\" \/>\n<meta property=\"og:url\" content=\"https:\/\/cristina.cat\/es\/producte\/camino-de-flores-vibrantes-copia\/\" \/>\n<meta property=\"og:site_name\" content=\"c.freixas\" \/>\n<meta property=\"article:modified_time\" content=\"2025-03-09T17:15:07+00:00\" \/>\n<meta property=\"og:image\" content=\"https:\/\/cristina.cat\/wp-content\/uploads\/2025\/02\/IMG_9531-scaled.jpg\" \/>\n\t<meta property=\"og:image:width\" content=\"2495\" \/>\n\t<meta property=\"og:image:height\" content=\"2560\" \/>\n\t<meta property=\"og:image:type\" content=\"image\/jpeg\" \/>\n<meta name=\"twitter:card\" content=\"summary_large_image\" \/>\n<meta name=\"twitter:label1\" content=\"Tiempo de lectura\" \/>\n\t<meta name=\"twitter:data1\" content=\"1 minuto\" \/>\n<script type=\"application\/ld+json\" class=\"yoast-schema-graph\">{\"@context\":\"https:\/\/schema.org\",\"@graph\":[{\"@type\":\"WebPage\",\"@id\":\"https:\/\/cristina.cat\/es\/producte\/camino-de-flores-vibrantes-copia\/\",\"url\":\"https:\/\/cristina.cat\/es\/producte\/camino-de-flores-vibrantes-copia\/\",\"name\":\"Tierras de Silencio - c.freixas\",\"isPartOf\":{\"@id\":\"https:\/\/cristina.cat\/#website\"},\"primaryImageOfPage\":{\"@id\":\"https:\/\/cristina.cat\/es\/producte\/camino-de-flores-vibrantes-copia\/#primaryimage\"},\"image\":{\"@id\":\"https:\/\/cristina.cat\/es\/producte\/camino-de-flores-vibrantes-copia\/#primaryimage\"},\"thumbnailUrl\":\"https:\/\/cristina.cat\/wp-content\/uploads\/2025\/02\/IMG_9531-scaled.jpg\",\"datePublished\":\"2025-03-09T17:03:29+00:00\",\"dateModified\":\"2025-03-09T17:15:07+00:00\",\"description\":\"Tierras de Silencio, pintura original de Cristina Freixas en pastel sec. Una obra \u00fanica que transmite serenidad y belleza natural.\",\"breadcrumb\":{\"@id\":\"https:\/\/cristina.cat\/es\/producte\/camino-de-flores-vibrantes-copia\/#breadcrumb\"},\"inLanguage\":\"es\",\"potentialAction\":[{\"@type\":\"ReadAction\",\"target\":[\"https:\/\/cristina.cat\/es\/producte\/camino-de-flores-vibrantes-copia\/\"]}]},{\"@type\":\"ImageObject\",\"inLanguage\":\"es\",\"@id\":\"https:\/\/cristina.cat\/es\/producte\/camino-de-flores-vibrantes-copia\/#primaryimage\",\"url\":\"https:\/\/cristina.cat\/wp-content\/uploads\/2025\/02\/IMG_9531-scaled.jpg\",\"contentUrl\":\"https:\/\/cristina.cat\/wp-content\/uploads\/2025\/02\/IMG_9531-scaled.jpg\",\"width\":2495,\"height\":2560},{\"@type\":\"BreadcrumbList\",\"@id\":\"https:\/\/cristina.cat\/es\/producte\/camino-de-flores-vibrantes-copia\/#breadcrumb\",\"itemListElement\":[{\"@type\":\"ListItem\",\"position\":1,\"name\":\"Inicio\",\"item\":\"https:\/\/cristina.cat\/\"},{\"@type\":\"ListItem\",\"position\":2,\"name\":\"Tienda\",\"item\":\"https:\/\/cristina.cat\/botiga\/\"},{\"@type\":\"ListItem\",\"position\":3,\"name\":\"Tierras de Silencio\"}]},{\"@type\":\"WebSite\",\"@id\":\"https:\/\/cristina.cat\/#website\",\"url\":\"https:\/\/cristina.cat\/\",\"name\":\"c.freixas\",\"description\":\"art i disseny\",\"potentialAction\":[{\"@type\":\"SearchAction\",\"target\":{\"@type\":\"EntryPoint\",\"urlTemplate\":\"https:\/\/cristina.cat\/?s={search_term_string}\"},\"query-input\":{\"@type\":\"PropertyValueSpecification\",\"valueRequired\":true,\"valueName\":\"search_term_string\"}}],\"inLanguage\":\"es\"}]}<\/script>\n<!-- \/ Yoast SEO plugin. -->","yoast_head_json":{"title":"Tierras de Silencio - c.freixas","description":"Tierras de Silencio, pintura original de Cristina Freixas en pastel sec. Una obra \u00fanica que transmite serenidad y belleza natural.","robots":{"index":"index","follow":"follow","max-snippet":"max-snippet:-1","max-image-preview":"max-image-preview:large","max-video-preview":"max-video-preview:-1"},"canonical":"https:\/\/cristina.cat\/es\/producte\/camino-de-flores-vibrantes-copia\/","og_locale":"es_ES","og_type":"article","og_title":"Tierras de Silencio - c.freixas","og_description":"Tierras de Silencio, pintura original de Cristina Freixas en pastel sec. Una obra \u00fanica que transmite serenidad y belleza natural.","og_url":"https:\/\/cristina.cat\/es\/producte\/camino-de-flores-vibrantes-copia\/","og_site_name":"c.freixas","article_modified_time":"2025-03-09T17:15:07+00:00","og_image":[{"width":2495,"height":2560,"url":"https:\/\/cristina.cat\/wp-content\/uploads\/2025\/02\/IMG_9531-scaled.jpg","type":"image\/jpeg"}],"twitter_card":"summary_large_image","twitter_misc":{"Tiempo de lectura":"1 minuto"},"schema":{"@context":"https:\/\/schema.org","@graph":[{"@type":"WebPage","@id":"https:\/\/cristina.cat\/es\/producte\/camino-de-flores-vibrantes-copia\/","url":"https:\/\/cristina.cat\/es\/producte\/camino-de-flores-vibrantes-copia\/","name":"Tierras de Silencio - c.freixas","isPartOf":{"@id":"https:\/\/cristina.cat\/#website"},"primaryImageOfPage":{"@id":"https:\/\/cristina.cat\/es\/producte\/camino-de-flores-vibrantes-copia\/#primaryimage"},"image":{"@id":"https:\/\/cristina.cat\/es\/producte\/camino-de-flores-vibrantes-copia\/#primaryimage"},"thumbnailUrl":"https:\/\/cristina.cat\/wp-content\/uploads\/2025\/02\/IMG_9531-scaled.jpg","datePublished":"2025-03-09T17:03:29+00:00","dateModified":"2025-03-09T17:15:07+00:00","description":"Tierras de Silencio, pintura original de Cristina Freixas en pastel sec. Una obra \u00fanica que transmite serenidad y belleza natural.","breadcrumb":{"@id":"https:\/\/cristina.cat\/es\/producte\/camino-de-flores-vibrantes-copia\/#breadcrumb"},"inLanguage":"es","potentialAction":[{"@type":"ReadAction","target":["https:\/\/cristina.cat\/es\/producte\/camino-de-flores-vibrantes-copia\/"]}]},{"@type":"ImageObject","inLanguage":"es","@id":"https:\/\/cristina.cat\/es\/producte\/camino-de-flores-vibrantes-copia\/#primaryimage","url":"https:\/\/cristina.cat\/wp-content\/uploads\/2025\/02\/IMG_9531-scaled.jpg","contentUrl":"https:\/\/cristina.cat\/wp-content\/uploads\/2025\/02\/IMG_9531-scaled.jpg","width":2495,"height":2560},{"@type":"BreadcrumbList","@id":"https:\/\/cristina.cat\/es\/producte\/camino-de-flores-vibrantes-copia\/#breadcrumb","itemListElement":[{"@type":"ListItem","position":1,"name":"Inicio","item":"https:\/\/cristina.cat\/"},{"@type":"ListItem","position":2,"name":"Tienda","item":"https:\/\/cristina.cat\/botiga\/"},{"@type":"ListItem","position":3,"name":"Tierras de Silencio"}]},{"@type":"WebSite","@id":"https:\/\/cristina.cat\/#website","url":"https:\/\/cristina.cat\/","name":"c.freixas","description":"art i disseny","potentialAction":[{"@type":"SearchAction","target":{"@type":"EntryPoint","urlTemplate":"https:\/\/cristina.cat\/?s={search_term_string}"},"query-input":{"@type":"PropertyValueSpecification","valueRequired":true,"valueName":"search_term_string"}}],"inLanguage":"es"}]}},"_links":{"self":[{"href":"https:\/\/cristina.cat\/es\/wp-json\/wp\/v2\/product\/3858","targetHints":{"allow":["GET"]}}],"collection":[{"href":"https:\/\/cristina.cat\/es\/wp-json\/wp\/v2\/product"}],"about":[{"href":"https:\/\/cristina.cat\/es\/wp-json\/wp\/v2\/types\/product"}],"wp:featuredmedia":[{"embeddable":true,"href":"https:\/\/cristina.cat\/es\/wp-json\/wp\/v2\/media\/3040"}],"wp:attachment":[{"href":"https:\/\/cristina.cat\/es\/wp-json\/wp\/v2\/media?parent=3858"}],"wp:term":[{"taxonomy":"product_brand","embeddable":true,"href":"https:\/\/cristina.cat\/es\/wp-json\/wp\/v2\/product_brand?post=3858"},{"taxonomy":"product_cat","embeddable":true,"href":"https:\/\/cristina.cat\/es\/wp-json\/wp\/v2\/product_cat?post=3858"},{"taxonomy":"product_tag","embeddable":true,"href":"https:\/\/cristina.cat\/es\/wp-json\/wp\/v2\/product_tag?post=3858"}],"curies":[{"name":"wp","href":"https:\/\/api.w.org\/{rel}","templated":true}]}}