{"id":3813,"date":"2025-03-09T17:20:50","date_gmt":"2025-03-09T15:20:50","guid":{"rendered":"https:\/\/cristina.cat\/?post_type=product&#038;p=3813"},"modified":"2025-03-09T17:32:33","modified_gmt":"2025-03-09T15:32:33","slug":"el-infinito-en-flor-copia","status":"publish","type":"product","link":"https:\/\/cristina.cat\/es\/producte\/el-infinito-en-flor-copia\/","title":{"rendered":"Entre nubes y colores"},"content":{"rendered":"<p data-start=\"0\" data-end=\"303\"><em data-start=\"16\" data-end=\"39\">Entre nubes y colores<\/em> es una obra impresionista que captura la magia del cielo en constante transformaci\u00f3n. Con una paleta de tonos suaves y vibrantes, la pintura refleja el di\u00e1logo entre la luz y las formas et\u00e9reas de las nubes, creando una atm\u00f3sfera llena de dinamismo y serenidad.<\/p>\n<p data-start=\"305\" data-end=\"662\">Los trazos delicados y la fusi\u00f3n sutil de los pigmentos evocan el paso del tiempo en el horizonte, como si el viento modelara cada nube con suavidad, disolvi\u00e9ndola en un juego infinito de colores. La pintura invita a perderse en la inmensidad del cielo, donde la luz se refleja en cada matiz y transforma el paisaje en un espect\u00e1culo ef\u00edmero y enigm\u00e1tico.<\/p>\n<p data-start=\"664\" data-end=\"875\">El equilibrio entre la ligereza de las nubes y la intensidad del color convierte esta pieza en una ventana abierta a la calma y la contemplaci\u00f3n, un espacio donde el alma se deja llevar por el viento y la luz.<\/p>\n<p data-start=\"0\" data-end=\"490\">Pinturas originales en pastel<\/p>\n<p data-start=\"0\" data-end=\"191\">Creadas con dedicaci\u00f3n e inspiraci\u00f3n. Cada pieza es \u00fanica, hecha a mano con pasteles de alta calidad sobre papel especial, capturando momentos y atm\u00f3sferas irrepetibles.<\/p>\n<p>Mi arte nace del paisaje que me rodea en \u00d2rrius, de la calma de los bosques y la calidez de los campos. Me apasionan los colores terrosos de la naturaleza, los azules cambiantes del cielo y la forma en que la luz transforma cada rinc\u00f3n del paisaje a lo largo del d\u00eda. Oto\u00f1o e invierno son mis estaciones favoritas para pintar, cuando los tonos se vuelven m\u00e1s profundos y sugerentes, creando una paleta rica en emociones y texturas.<\/p>\n<p data-start=\"612\" data-end=\"846\" data-is-last-node=\"\">Cada pintura refleja mi conexi\u00f3n con el entorno y mi manera de verlo, transformando instantes ef\u00edmeros en obras que transmiten paz y armon\u00eda.<\/p>\n<h3 data-start=\"0\" data-end=\"191\">Materiales<\/h3>\n<p data-start=\"21\" data-end=\"269\">Trabajo con materiales de alta calidad para garantizar que cada pintura sea duradera y fiel a los colores originales. Utilizo <strong>papel libre de \u00e1cido, 100% algod\u00f3n<\/strong>, seleccionado por su textura y resistencia, ofreciendo una base \u00f3ptima para los pasteles.<\/p>\n<p><strong>Los pasteles que utilizo est\u00e1n elaborados con pigmentos de la m\u00e1s alta calidad<\/strong>, eligiendo cuidadosamente aquellos con la mejor resistencia a la luz. Esto asegura que tu pintura mantenga su intensidad y belleza a lo largo del tiempo, sin perder vivacidad ni desvanecerse.<\/p>\n<h3>Una cosa m\u00e1s&#8230;<\/h3>\n<p>Todas las obras de mi tienda est\u00e1n creadas por m\u00ed, con mis propias manos. <strong>Sin impresiones. Sin arte digital. Y definitivamente, sin IA.<\/strong><\/p>\n<p>Cada pieza es \u00fanica, resultado de mi tiempo, dedicaci\u00f3n y pasi\u00f3n por la pintura al pastel.<\/p>\n<p>\u00a1Gracias por tu visita y por valorar la autenticidad del arte hecho a mano!<\/p>\n","protected":false},"excerpt":{"rendered":"<p>Paisaje en pastel seco sobre papel Pastelmat<br \/>\n\ud83d\udccf Medida: 15&#215;15 cm (con marco de 22&#215;22 cm, color roble)<br \/>\n\ud83c\udfa8 T\u00e9cnica: Pastel seco sobre papel de alta calidad<br \/>\n\ud83d\uddbc Obra original y \u00fanica, firmada por la artista<\/p>\n","protected":false},"featured_media":3019,"template":"","meta":{"_vp_format_video_url":"","_vp_image_focal_point":[]},"product_brand":[],"product_cat":[69],"product_tag":[70,71,72,73,74],"class_list":{"0":"post-3813","1":"product","2":"type-product","3":"status-publish","4":"has-post-thumbnail","6":"product_cat-pastel-es","7":"product_tag-art-es","8":"product_tag-c-freixas-es","9":"product_tag-paisatge-es","10":"product_tag-pastel-es","11":"product_tag-pintura-es","13":"first","14":"instock","15":"shipping-taxable","16":"purchasable","17":"product-type-simple"},"yoast_head":"<!-- This site is optimized with the Yoast SEO plugin v24.6 - https:\/\/yoast.com\/wordpress\/plugins\/seo\/ -->\n<title>Entre nubes y colores - c.freixas<\/title>\n<meta name=\"description\" content=\"Entre nubes y colores, pintura original de Cristina Freixas en pastel sec. Una obra \u00fanica que transmite serenidad y belleza natural.\" \/>\n<meta name=\"robots\" content=\"index, follow, max-snippet:-1, max-image-preview:large, max-video-preview:-1\" \/>\n<link rel=\"canonical\" href=\"https:\/\/cristina.cat\/es\/producte\/el-infinito-en-flor-copia\/\" \/>\n<meta property=\"og:locale\" content=\"es_ES\" \/>\n<meta property=\"og:type\" content=\"article\" \/>\n<meta property=\"og:title\" content=\"Entre nubes y colores - c.freixas\" \/>\n<meta property=\"og:description\" content=\"Entre nubes y colores, pintura original de Cristina Freixas en pastel sec. Una obra \u00fanica que transmite serenidad y belleza natural.\" \/>\n<meta property=\"og:url\" content=\"https:\/\/cristina.cat\/es\/producte\/el-infinito-en-flor-copia\/\" \/>\n<meta property=\"og:site_name\" content=\"c.freixas\" \/>\n<meta property=\"article:modified_time\" content=\"2025-03-09T15:32:33+00:00\" \/>\n<meta property=\"og:image\" content=\"https:\/\/cristina.cat\/wp-content\/uploads\/2025\/02\/IMG_7180.jpg\" \/>\n\t<meta property=\"og:image:width\" content=\"2362\" \/>\n\t<meta property=\"og:image:height\" content=\"2384\" \/>\n\t<meta property=\"og:image:type\" content=\"image\/jpeg\" \/>\n<meta name=\"twitter:card\" content=\"summary_large_image\" \/>\n<meta name=\"twitter:label1\" content=\"Tiempo de lectura\" \/>\n\t<meta name=\"twitter:data1\" content=\"1 minuto\" \/>\n<script type=\"application\/ld+json\" class=\"yoast-schema-graph\">{\"@context\":\"https:\/\/schema.org\",\"@graph\":[{\"@type\":\"WebPage\",\"@id\":\"https:\/\/cristina.cat\/es\/producte\/el-infinito-en-flor-copia\/\",\"url\":\"https:\/\/cristina.cat\/es\/producte\/el-infinito-en-flor-copia\/\",\"name\":\"Entre nubes y colores - c.freixas\",\"isPartOf\":{\"@id\":\"https:\/\/cristina.cat\/#website\"},\"primaryImageOfPage\":{\"@id\":\"https:\/\/cristina.cat\/es\/producte\/el-infinito-en-flor-copia\/#primaryimage\"},\"image\":{\"@id\":\"https:\/\/cristina.cat\/es\/producte\/el-infinito-en-flor-copia\/#primaryimage\"},\"thumbnailUrl\":\"https:\/\/cristina.cat\/wp-content\/uploads\/2025\/02\/IMG_7180.jpg\",\"datePublished\":\"2025-03-09T15:20:50+00:00\",\"dateModified\":\"2025-03-09T15:32:33+00:00\",\"description\":\"Entre nubes y colores, pintura original de Cristina Freixas en pastel sec. Una obra \u00fanica que transmite serenidad y belleza natural.\",\"breadcrumb\":{\"@id\":\"https:\/\/cristina.cat\/es\/producte\/el-infinito-en-flor-copia\/#breadcrumb\"},\"inLanguage\":\"es\",\"potentialAction\":[{\"@type\":\"ReadAction\",\"target\":[\"https:\/\/cristina.cat\/es\/producte\/el-infinito-en-flor-copia\/\"]}]},{\"@type\":\"ImageObject\",\"inLanguage\":\"es\",\"@id\":\"https:\/\/cristina.cat\/es\/producte\/el-infinito-en-flor-copia\/#primaryimage\",\"url\":\"https:\/\/cristina.cat\/wp-content\/uploads\/2025\/02\/IMG_7180.jpg\",\"contentUrl\":\"https:\/\/cristina.cat\/wp-content\/uploads\/2025\/02\/IMG_7180.jpg\",\"width\":2362,\"height\":2384},{\"@type\":\"BreadcrumbList\",\"@id\":\"https:\/\/cristina.cat\/es\/producte\/el-infinito-en-flor-copia\/#breadcrumb\",\"itemListElement\":[{\"@type\":\"ListItem\",\"position\":1,\"name\":\"Inicio\",\"item\":\"https:\/\/cristina.cat\/\"},{\"@type\":\"ListItem\",\"position\":2,\"name\":\"Tienda\",\"item\":\"https:\/\/cristina.cat\/botiga\/\"},{\"@type\":\"ListItem\",\"position\":3,\"name\":\"Entre nubes y colores\"}]},{\"@type\":\"WebSite\",\"@id\":\"https:\/\/cristina.cat\/#website\",\"url\":\"https:\/\/cristina.cat\/\",\"name\":\"c.freixas\",\"description\":\"art i disseny\",\"potentialAction\":[{\"@type\":\"SearchAction\",\"target\":{\"@type\":\"EntryPoint\",\"urlTemplate\":\"https:\/\/cristina.cat\/?s={search_term_string}\"},\"query-input\":{\"@type\":\"PropertyValueSpecification\",\"valueRequired\":true,\"valueName\":\"search_term_string\"}}],\"inLanguage\":\"es\"}]}<\/script>\n<!-- \/ Yoast SEO plugin. -->","yoast_head_json":{"title":"Entre nubes y colores - c.freixas","description":"Entre nubes y colores, pintura original de Cristina Freixas en pastel sec. Una obra \u00fanica que transmite serenidad y belleza natural.","robots":{"index":"index","follow":"follow","max-snippet":"max-snippet:-1","max-image-preview":"max-image-preview:large","max-video-preview":"max-video-preview:-1"},"canonical":"https:\/\/cristina.cat\/es\/producte\/el-infinito-en-flor-copia\/","og_locale":"es_ES","og_type":"article","og_title":"Entre nubes y colores - c.freixas","og_description":"Entre nubes y colores, pintura original de Cristina Freixas en pastel sec. Una obra \u00fanica que transmite serenidad y belleza natural.","og_url":"https:\/\/cristina.cat\/es\/producte\/el-infinito-en-flor-copia\/","og_site_name":"c.freixas","article_modified_time":"2025-03-09T15:32:33+00:00","og_image":[{"width":2362,"height":2384,"url":"https:\/\/cristina.cat\/wp-content\/uploads\/2025\/02\/IMG_7180.jpg","type":"image\/jpeg"}],"twitter_card":"summary_large_image","twitter_misc":{"Tiempo de lectura":"1 minuto"},"schema":{"@context":"https:\/\/schema.org","@graph":[{"@type":"WebPage","@id":"https:\/\/cristina.cat\/es\/producte\/el-infinito-en-flor-copia\/","url":"https:\/\/cristina.cat\/es\/producte\/el-infinito-en-flor-copia\/","name":"Entre nubes y colores - c.freixas","isPartOf":{"@id":"https:\/\/cristina.cat\/#website"},"primaryImageOfPage":{"@id":"https:\/\/cristina.cat\/es\/producte\/el-infinito-en-flor-copia\/#primaryimage"},"image":{"@id":"https:\/\/cristina.cat\/es\/producte\/el-infinito-en-flor-copia\/#primaryimage"},"thumbnailUrl":"https:\/\/cristina.cat\/wp-content\/uploads\/2025\/02\/IMG_7180.jpg","datePublished":"2025-03-09T15:20:50+00:00","dateModified":"2025-03-09T15:32:33+00:00","description":"Entre nubes y colores, pintura original de Cristina Freixas en pastel sec. Una obra \u00fanica que transmite serenidad y belleza natural.","breadcrumb":{"@id":"https:\/\/cristina.cat\/es\/producte\/el-infinito-en-flor-copia\/#breadcrumb"},"inLanguage":"es","potentialAction":[{"@type":"ReadAction","target":["https:\/\/cristina.cat\/es\/producte\/el-infinito-en-flor-copia\/"]}]},{"@type":"ImageObject","inLanguage":"es","@id":"https:\/\/cristina.cat\/es\/producte\/el-infinito-en-flor-copia\/#primaryimage","url":"https:\/\/cristina.cat\/wp-content\/uploads\/2025\/02\/IMG_7180.jpg","contentUrl":"https:\/\/cristina.cat\/wp-content\/uploads\/2025\/02\/IMG_7180.jpg","width":2362,"height":2384},{"@type":"BreadcrumbList","@id":"https:\/\/cristina.cat\/es\/producte\/el-infinito-en-flor-copia\/#breadcrumb","itemListElement":[{"@type":"ListItem","position":1,"name":"Inicio","item":"https:\/\/cristina.cat\/"},{"@type":"ListItem","position":2,"name":"Tienda","item":"https:\/\/cristina.cat\/botiga\/"},{"@type":"ListItem","position":3,"name":"Entre nubes y colores"}]},{"@type":"WebSite","@id":"https:\/\/cristina.cat\/#website","url":"https:\/\/cristina.cat\/","name":"c.freixas","description":"art i disseny","potentialAction":[{"@type":"SearchAction","target":{"@type":"EntryPoint","urlTemplate":"https:\/\/cristina.cat\/?s={search_term_string}"},"query-input":{"@type":"PropertyValueSpecification","valueRequired":true,"valueName":"search_term_string"}}],"inLanguage":"es"}]}},"_links":{"self":[{"href":"https:\/\/cristina.cat\/es\/wp-json\/wp\/v2\/product\/3813","targetHints":{"allow":["GET"]}}],"collection":[{"href":"https:\/\/cristina.cat\/es\/wp-json\/wp\/v2\/product"}],"about":[{"href":"https:\/\/cristina.cat\/es\/wp-json\/wp\/v2\/types\/product"}],"wp:featuredmedia":[{"embeddable":true,"href":"https:\/\/cristina.cat\/es\/wp-json\/wp\/v2\/media\/3019"}],"wp:attachment":[{"href":"https:\/\/cristina.cat\/es\/wp-json\/wp\/v2\/media?parent=3813"}],"wp:term":[{"taxonomy":"product_brand","embeddable":true,"href":"https:\/\/cristina.cat\/es\/wp-json\/wp\/v2\/product_brand?post=3813"},{"taxonomy":"product_cat","embeddable":true,"href":"https:\/\/cristina.cat\/es\/wp-json\/wp\/v2\/product_cat?post=3813"},{"taxonomy":"product_tag","embeddable":true,"href":"https:\/\/cristina.cat\/es\/wp-json\/wp\/v2\/product_tag?post=3813"}],"curies":[{"name":"wp","href":"https:\/\/api.w.org\/{rel}","templated":true}]}}