{"id":3796,"date":"2025-02-13T18:32:17","date_gmt":"2025-02-13T16:32:17","guid":{"rendered":"https:\/\/cristina.cat\/producte\/ocells-bird-natura\/"},"modified":"2025-03-08T20:32:46","modified_gmt":"2025-03-08T18:32:46","slug":"ocells-bird-natura","status":"publish","type":"product","link":"https:\/\/cristina.cat\/es\/producte\/ocells-bird-natura\/","title":{"rendered":"P\u00e1jaros en rosa"},"content":{"rendered":"<p data-start=\"122\" data-end=\"497\"><em data-start=\"15\" data-end=\"31\">P\u00e1jaros en rosa<\/em>\u00a0es una obra realizada con l\u00e1pices de colores Caran d&#8217;Ache y Faber Castell sobre papel Hahnem\u00fchle, que refleja la delicadeza y la belleza de la naturaleza a trav\u00e9s de dos cotorras rosas. La t\u00e9cnica utilizada se basa en la superposici\u00f3n de varias capas de color, logrando una profundidad \u00fanica y un realismo sutil que destaca los detalles y los tonos suaves de los p\u00e1jaros.<br data-start=\"403\" data-end=\"406\" \/>Su volumen y suavidad se construyen a medida que cada capa a\u00f1ade m\u00e1s complejidad a la imagen. Los tonos delicados y arm\u00f3nicos transmiten una sensaci\u00f3n de serenidad y equilibrio, creando una atm\u00f3sfera visual cautivadora.<\/p>\n<div class=\"fusion-content-tb fusion-content-tb-1\">\n<h3 data-start=\"1537\" data-end=\"1579\"><strong data-start=\"1537\" data-end=\"1579\">Pinturas Originales a L\u00e1pices de Color<\/strong><\/h3>\n<p data-start=\"1581\" data-end=\"1758\">Creadas con dedicaci\u00f3n e inspiraci\u00f3n. Cada pieza es \u00fanica, hecha a mano con l\u00e1pices de color de alta calidad sobre papel especial, capturando momentos y atm\u00f3sferas irrepetibles.<\/p>\n<p data-start=\"1760\" data-end=\"2193\">Mi arte nace del paisaje que me rodea en \u00d2rrius, de la calma de los bosques y la calidez de los campos. Me apasionan los colores terrosos de la naturaleza, los azules cambiantes del cielo y la manera en que la luz transforma cada rinc\u00f3n del paisaje a lo largo del d\u00eda. Oto\u00f1o e invierno son mis estaciones preferidas para pintar, cuando los tonos se vuelven m\u00e1s profundos y sugerentes, creando una paleta rica en emociones y texturas.<\/p>\n<p data-start=\"2195\" data-end=\"2263\">Cada pintura refleja mi conexi\u00f3n con el entorno y mi forma de verlo.<\/p>\n<h3 data-start=\"2265\" data-end=\"2279\"><strong data-start=\"2265\" data-end=\"2279\">Materiales<\/strong><\/h3>\n<p data-start=\"2281\" data-end=\"2569\">Utilizo materiales de alta calidad para garantizar que cada obra con l\u00e1pices de colores sea duradera y fiel a los colores originales. El papel que selecciono es libre de \u00e1cido, 100% algod\u00f3n, escogido por su textura y resistencia, proporcionando una base ideal para los l\u00e1pices de colores.<\/p>\n<p data-start=\"2571\" data-end=\"2843\">Los l\u00e1pices de colores que utilizo son de la m\u00e1s alta calidad, con pigmentos seleccionados por su excelente resistencia a la luz. Esto asegura que tu obra mantendr\u00e1 su intensidad y belleza a lo largo del tiempo, preservando la viveza de los colores sin que se desvanezcan.<\/p>\n<h3 data-start=\"2845\" data-end=\"2864\"><strong data-start=\"2845\" data-end=\"2864\">Una cosa m\u00e1s\u2026<\/strong><\/h3>\n<p data-start=\"2866\" data-end=\"3001\">Todas las obras de mi tienda est\u00e1n creadas por m\u00ed, con mis propias manos. Sin impresiones. Sin arte digital. Y definitivamente, sin IA.<\/p>\n<p data-start=\"3003\" data-end=\"3083\">Cada pieza es \u00fanica, resultado de mi tiempo, dedicaci\u00f3n y pasi\u00f3n por la pintura.<\/p>\n<p data-start=\"3085\" data-end=\"3160\" data-is-last-node=\"\">\u00a1Gracias por tu visita y por valorar la autenticidad del arte hecho a mano!<\/p>\n<\/div>\n<div class=\"fusion-separator fusion-full-width-sep\"><\/div>\n","protected":false},"excerpt":{"rendered":"<p>P\u00e1jaro en l\u00e1pices de color sobre papel Hahnem\u00fchle<br \/>\n\ud83d\udccf Tama\u00f1o: 15\u00d721 cm (con marco de 21\u00d730 cm, color abedul)<br \/>\n\ud83c\udfa8 T\u00e9cnica: L\u00e1piz de color sobre papel de alta calidad<br \/>\n\ud83d\uddbc Obra original y \u00fanica, firmada por la artista<\/p>\n<p>&nbsp;<\/p>\n<p data-start=\"14\" data-end=\"185\">En el aire ligero, comienza una danza,<br data-start=\"52\" data-end=\"55\" \/>dos cuerpos de rosa, en silencio se adentran,<br data-start=\"100\" data-end=\"103\" \/>la vida los une, como un hilo delicado,<br data-start=\"142\" data-end=\"145\" \/>en su mirada, el mundo queda atrapado.<\/p>\n<p data-start=\"187\" data-end=\"382\">Las alas a medio volar, el viento suavemente los lleva,<br data-start=\"242\" data-end=\"245\" \/>y en cada capa de color, el amor se despierta y flota.<br data-start=\"299\" data-end=\"302\" \/>Una pareja que nunca se separa,<br data-start=\"333\" data-end=\"336\" \/>un reflejo de ternura, de calma que dispara.<\/p>\n<p data-start=\"384\" data-end=\"489\">Una obra que captura el momento ef\u00edmero,<br data-start=\"424\" data-end=\"427\" \/>donde el amor y la naturaleza se confunden en el primer grito.<\/p>\n","protected":false},"featured_media":3091,"template":"","meta":{"_vp_format_video_url":"","_vp_image_focal_point":[]},"product_brand":[],"product_cat":[101],"product_tag":[70,71,94,103,95,72,73,74],"class_list":{"0":"post-3796","1":"product","2":"type-product","3":"status-publish","4":"has-post-thumbnail","6":"product_cat-lapiz-color","7":"product_tag-art-es","8":"product_tag-c-freixas-es","9":"product_tag-crepuscle-es","10":"product_tag-llapis-color-es","11":"product_tag-neu-es","12":"product_tag-paisatge-es","13":"product_tag-pastel-es","14":"product_tag-pintura-es","16":"first","17":"instock","18":"shipping-taxable","19":"purchasable","20":"product-type-simple"},"yoast_head":"<!-- This site is optimized with the Yoast SEO plugin v24.6 - https:\/\/yoast.com\/wordpress\/plugins\/seo\/ -->\n<title>P\u00e1jaros en rosa - c.freixas<\/title>\n<meta name=\"description\" content=\"P\u00e1jaros en rosa es una pareja de aves pintadas con l\u00e1pices de colores, creando una imagen realista y delicada.\" \/>\n<meta name=\"robots\" content=\"index, follow, max-snippet:-1, max-image-preview:large, max-video-preview:-1\" \/>\n<link rel=\"canonical\" href=\"https:\/\/cristina.cat\/es\/producte\/ocells-bird-natura\/\" \/>\n<meta property=\"og:locale\" content=\"es_ES\" \/>\n<meta property=\"og:type\" content=\"article\" \/>\n<meta property=\"og:title\" content=\"P\u00e1jaros en rosa - c.freixas\" \/>\n<meta property=\"og:description\" content=\"P\u00e1jaros en rosa es una pareja de aves pintadas con l\u00e1pices de colores, creando una imagen realista y delicada.\" \/>\n<meta property=\"og:url\" content=\"https:\/\/cristina.cat\/es\/producte\/ocells-bird-natura\/\" \/>\n<meta property=\"og:site_name\" content=\"c.freixas\" \/>\n<meta property=\"article:modified_time\" content=\"2025-03-08T18:32:46+00:00\" \/>\n<meta property=\"og:image\" content=\"https:\/\/cristina.cat\/wp-content\/uploads\/2025\/02\/IMG_2751-scaled.jpg\" \/>\n\t<meta property=\"og:image:width\" content=\"1793\" \/>\n\t<meta property=\"og:image:height\" content=\"2560\" \/>\n\t<meta property=\"og:image:type\" content=\"image\/jpeg\" \/>\n<meta name=\"twitter:card\" content=\"summary_large_image\" \/>\n<meta name=\"twitter:label1\" content=\"Tiempo de lectura\" \/>\n\t<meta name=\"twitter:data1\" content=\"1 minuto\" \/>\n<script type=\"application\/ld+json\" class=\"yoast-schema-graph\">{\"@context\":\"https:\/\/schema.org\",\"@graph\":[{\"@type\":\"WebPage\",\"@id\":\"https:\/\/cristina.cat\/es\/producte\/ocells-bird-natura\/\",\"url\":\"https:\/\/cristina.cat\/es\/producte\/ocells-bird-natura\/\",\"name\":\"P\u00e1jaros en rosa - c.freixas\",\"isPartOf\":{\"@id\":\"https:\/\/cristina.cat\/#website\"},\"primaryImageOfPage\":{\"@id\":\"https:\/\/cristina.cat\/es\/producte\/ocells-bird-natura\/#primaryimage\"},\"image\":{\"@id\":\"https:\/\/cristina.cat\/es\/producte\/ocells-bird-natura\/#primaryimage\"},\"thumbnailUrl\":\"https:\/\/cristina.cat\/wp-content\/uploads\/2025\/02\/IMG_2751-scaled.jpg\",\"datePublished\":\"2025-02-13T16:32:17+00:00\",\"dateModified\":\"2025-03-08T18:32:46+00:00\",\"description\":\"P\u00e1jaros en rosa es una pareja de aves pintadas con l\u00e1pices de colores, creando una imagen realista y delicada.\",\"breadcrumb\":{\"@id\":\"https:\/\/cristina.cat\/es\/producte\/ocells-bird-natura\/#breadcrumb\"},\"inLanguage\":\"es\",\"potentialAction\":[{\"@type\":\"ReadAction\",\"target\":[\"https:\/\/cristina.cat\/es\/producte\/ocells-bird-natura\/\"]}]},{\"@type\":\"ImageObject\",\"inLanguage\":\"es\",\"@id\":\"https:\/\/cristina.cat\/es\/producte\/ocells-bird-natura\/#primaryimage\",\"url\":\"https:\/\/cristina.cat\/wp-content\/uploads\/2025\/02\/IMG_2751-scaled.jpg\",\"contentUrl\":\"https:\/\/cristina.cat\/wp-content\/uploads\/2025\/02\/IMG_2751-scaled.jpg\",\"width\":1793,\"height\":2560},{\"@type\":\"BreadcrumbList\",\"@id\":\"https:\/\/cristina.cat\/es\/producte\/ocells-bird-natura\/#breadcrumb\",\"itemListElement\":[{\"@type\":\"ListItem\",\"position\":1,\"name\":\"Inicio\",\"item\":\"https:\/\/cristina.cat\/\"},{\"@type\":\"ListItem\",\"position\":2,\"name\":\"Tienda\",\"item\":\"https:\/\/cristina.cat\/botiga\/\"},{\"@type\":\"ListItem\",\"position\":3,\"name\":\"P\u00e1jaros en rosa\"}]},{\"@type\":\"WebSite\",\"@id\":\"https:\/\/cristina.cat\/#website\",\"url\":\"https:\/\/cristina.cat\/\",\"name\":\"c.freixas\",\"description\":\"art i disseny\",\"potentialAction\":[{\"@type\":\"SearchAction\",\"target\":{\"@type\":\"EntryPoint\",\"urlTemplate\":\"https:\/\/cristina.cat\/?s={search_term_string}\"},\"query-input\":{\"@type\":\"PropertyValueSpecification\",\"valueRequired\":true,\"valueName\":\"search_term_string\"}}],\"inLanguage\":\"es\"}]}<\/script>\n<!-- \/ Yoast SEO plugin. -->","yoast_head_json":{"title":"P\u00e1jaros en rosa - c.freixas","description":"P\u00e1jaros en rosa es una pareja de aves pintadas con l\u00e1pices de colores, creando una imagen realista y delicada.","robots":{"index":"index","follow":"follow","max-snippet":"max-snippet:-1","max-image-preview":"max-image-preview:large","max-video-preview":"max-video-preview:-1"},"canonical":"https:\/\/cristina.cat\/es\/producte\/ocells-bird-natura\/","og_locale":"es_ES","og_type":"article","og_title":"P\u00e1jaros en rosa - c.freixas","og_description":"P\u00e1jaros en rosa es una pareja de aves pintadas con l\u00e1pices de colores, creando una imagen realista y delicada.","og_url":"https:\/\/cristina.cat\/es\/producte\/ocells-bird-natura\/","og_site_name":"c.freixas","article_modified_time":"2025-03-08T18:32:46+00:00","og_image":[{"width":1793,"height":2560,"url":"https:\/\/cristina.cat\/wp-content\/uploads\/2025\/02\/IMG_2751-scaled.jpg","type":"image\/jpeg"}],"twitter_card":"summary_large_image","twitter_misc":{"Tiempo de lectura":"1 minuto"},"schema":{"@context":"https:\/\/schema.org","@graph":[{"@type":"WebPage","@id":"https:\/\/cristina.cat\/es\/producte\/ocells-bird-natura\/","url":"https:\/\/cristina.cat\/es\/producte\/ocells-bird-natura\/","name":"P\u00e1jaros en rosa - c.freixas","isPartOf":{"@id":"https:\/\/cristina.cat\/#website"},"primaryImageOfPage":{"@id":"https:\/\/cristina.cat\/es\/producte\/ocells-bird-natura\/#primaryimage"},"image":{"@id":"https:\/\/cristina.cat\/es\/producte\/ocells-bird-natura\/#primaryimage"},"thumbnailUrl":"https:\/\/cristina.cat\/wp-content\/uploads\/2025\/02\/IMG_2751-scaled.jpg","datePublished":"2025-02-13T16:32:17+00:00","dateModified":"2025-03-08T18:32:46+00:00","description":"P\u00e1jaros en rosa es una pareja de aves pintadas con l\u00e1pices de colores, creando una imagen realista y delicada.","breadcrumb":{"@id":"https:\/\/cristina.cat\/es\/producte\/ocells-bird-natura\/#breadcrumb"},"inLanguage":"es","potentialAction":[{"@type":"ReadAction","target":["https:\/\/cristina.cat\/es\/producte\/ocells-bird-natura\/"]}]},{"@type":"ImageObject","inLanguage":"es","@id":"https:\/\/cristina.cat\/es\/producte\/ocells-bird-natura\/#primaryimage","url":"https:\/\/cristina.cat\/wp-content\/uploads\/2025\/02\/IMG_2751-scaled.jpg","contentUrl":"https:\/\/cristina.cat\/wp-content\/uploads\/2025\/02\/IMG_2751-scaled.jpg","width":1793,"height":2560},{"@type":"BreadcrumbList","@id":"https:\/\/cristina.cat\/es\/producte\/ocells-bird-natura\/#breadcrumb","itemListElement":[{"@type":"ListItem","position":1,"name":"Inicio","item":"https:\/\/cristina.cat\/"},{"@type":"ListItem","position":2,"name":"Tienda","item":"https:\/\/cristina.cat\/botiga\/"},{"@type":"ListItem","position":3,"name":"P\u00e1jaros en rosa"}]},{"@type":"WebSite","@id":"https:\/\/cristina.cat\/#website","url":"https:\/\/cristina.cat\/","name":"c.freixas","description":"art i disseny","potentialAction":[{"@type":"SearchAction","target":{"@type":"EntryPoint","urlTemplate":"https:\/\/cristina.cat\/?s={search_term_string}"},"query-input":{"@type":"PropertyValueSpecification","valueRequired":true,"valueName":"search_term_string"}}],"inLanguage":"es"}]}},"_links":{"self":[{"href":"https:\/\/cristina.cat\/es\/wp-json\/wp\/v2\/product\/3796","targetHints":{"allow":["GET"]}}],"collection":[{"href":"https:\/\/cristina.cat\/es\/wp-json\/wp\/v2\/product"}],"about":[{"href":"https:\/\/cristina.cat\/es\/wp-json\/wp\/v2\/types\/product"}],"wp:featuredmedia":[{"embeddable":true,"href":"https:\/\/cristina.cat\/es\/wp-json\/wp\/v2\/media\/3091"}],"wp:attachment":[{"href":"https:\/\/cristina.cat\/es\/wp-json\/wp\/v2\/media?parent=3796"}],"wp:term":[{"taxonomy":"product_brand","embeddable":true,"href":"https:\/\/cristina.cat\/es\/wp-json\/wp\/v2\/product_brand?post=3796"},{"taxonomy":"product_cat","embeddable":true,"href":"https:\/\/cristina.cat\/es\/wp-json\/wp\/v2\/product_cat?post=3796"},{"taxonomy":"product_tag","embeddable":true,"href":"https:\/\/cristina.cat\/es\/wp-json\/wp\/v2\/product_tag?post=3796"}],"curies":[{"name":"wp","href":"https:\/\/api.w.org\/{rel}","templated":true}]}}