{"id":3782,"date":"2025-02-12T13:03:13","date_gmt":"2025-02-12T11:03:13","guid":{"rendered":"https:\/\/cristina.cat\/producte\/darrera-llum-sobre-la-neu\/"},"modified":"2025-03-08T18:59:49","modified_gmt":"2025-03-08T16:59:49","slug":"darrera-llum-sobre-la-neu","status":"publish","type":"product","link":"https:\/\/cristina.cat\/es\/producte\/darrera-llum-sobre-la-neu\/","title":{"rendered":"\u00daltima luz sobre la nieve"},"content":{"rendered":"<p data-start=\"0\" data-end=\"681\">Esta obra, realizada con pastel seco sobre papel, captura un momento ef\u00edmero y m\u00e1gico en el que la naturaleza se transforma con la luz del crep\u00fasculo. Con una t\u00e9cnica impresionista, la pincelada se adentra en los detalles de los \u00e1rboles oscuros que se funden con el ambiente de la tarde, mientras que la nieve cubre el paisaje con su silenciosa belleza. El juego de colores rojizos y dorados del cielo crea un contraste intenso con el fr\u00edo blanco y puro de la nieve, ofreciendo una sensaci\u00f3n de calidez que envuelve la frialdad de la escena. Cada trazo refleja la sutileza de este instante entre la oscuridad y la luz, donde la naturaleza parece respirar en una armon\u00eda perfecta.<\/p>\n<p data-start=\"683\" data-end=\"818\" data-is-last-node=\"\">Una obra que transporta al espectador a un mundo de serenidad y magia, capturando la belleza ef\u00edmera de un paisaje nevado al atardecer.<\/p>\n<h3 class=\"\" data-fontsize=\"36\" data-lineheight=\"36px\">Pinturas originales a pastel<\/h3>\n<p data-start=\"0\" data-end=\"191\">Creadas con dedicaci\u00f3n e inspiraci\u00f3n. Cada pieza es \u00fanica, hecha a mano con pasteles de alta calidad sobre papel especial, capturando momentos y atm\u00f3sferas irrepetibles.<\/p>\n<p>Mi arte nace del paisaje que me rodea en \u00d2rrius, de la calma de los bosques y la calidez de los campos. Me apasionan los colores terrosos de la naturaleza, los azules cambiantes del cielo y la forma en que la luz transforma cada rinc\u00f3n del paisaje a lo largo del d\u00eda. Oto\u00f1o e invierno son mis estaciones favoritas para pintar, cuando los tonos se vuelven m\u00e1s profundos y sugerentes, creando una paleta rica en emociones y texturas.<\/p>\n<p data-start=\"612\" data-end=\"846\" data-is-last-node=\"\">Cada pintura refleja mi conexi\u00f3n con el entorno y mi manera de verlo, transformando instantes ef\u00edmeros en obras que transmiten paz y armon\u00eda.<\/p>\n<h3 class=\"fusion-responsive-typography-calculated\" data-start=\"0\" data-end=\"191\" data-fontsize=\"36\" data-lineheight=\"36px\">Materiales<\/h3>\n<p data-start=\"21\" data-end=\"269\">Trabajo con materiales de alta calidad para garantizar que cada pintura sea duradera y fiel a los colores originales. Utilizo <strong>papel libre de \u00e1cido, 100% algod\u00f3n<\/strong>, seleccionado por su textura y resistencia, ofreciendo una base \u00f3ptima para los pasteles.<\/p>\n<p><strong>Los pasteles que utilizo est\u00e1n elaborados con pigmentos de la m\u00e1s alta calidad<\/strong>, eligiendo cuidadosamente aquellos con la mejor resistencia a la luz. Esto asegura que tu pintura mantenga su intensidad y belleza a lo largo del tiempo, sin perder vivacidad ni desvanecerse.<\/p>\n<h3 class=\"\" data-start=\"21\" data-end=\"269\" data-fontsize=\"36\" data-lineheight=\"36px\">Una cosa m\u00e1s\u2026<\/h3>\n<p>Todas las obras de mi tienda est\u00e1n creadas por m\u00ed, con mis propias manos. <strong>Sin impresiones. Sin arte digital. Y definitivamente, sin IA.<\/strong><\/p>\n<p>Cada pieza es \u00fanica, resultado de mi tiempo, dedicaci\u00f3n y pasi\u00f3n por la pintura al pastel.<\/p>\n<p>\u00a1Gracias por tu visita y por valorar la autenticidad del arte hecho a mano!<\/p>\n","protected":false},"excerpt":{"rendered":"<p><strong data-start=\"0\" data-end=\"48\">Paisaje en pastel seco sobre papel Pastelmat<\/strong><br data-start=\"48\" data-end=\"51\" \/>\ud83d\udccf Tama\u00f1o: 23\u00d731 cm (con marco de 30\u00d740 cm, color abedul)<br data-start=\"108\" data-end=\"111\" \/>\ud83c\udfa8 T\u00e9cnica: Pastel seco sobre papel de alta calidad<br data-start=\"162\" data-end=\"165\" \/>\ud83d\uddbc Obra original y \u00fanica, firmada por la artista<\/p>\n","protected":false},"featured_media":2989,"template":"","meta":{"_vp_format_video_url":"","_vp_image_focal_point":[]},"product_brand":[],"product_cat":[69],"product_tag":[70,71,94,95,72,73,74],"class_list":{"0":"post-3782","1":"product","2":"type-product","3":"status-publish","4":"has-post-thumbnail","6":"product_cat-pastel-es","7":"product_tag-art-es","8":"product_tag-c-freixas-es","9":"product_tag-crepuscle-es","10":"product_tag-neu-es","11":"product_tag-paisatge-es","12":"product_tag-pastel-es","13":"product_tag-pintura-es","15":"first","16":"instock","17":"shipping-taxable","18":"purchasable","19":"product-type-simple"},"yoast_head":"<!-- This site is optimized with the Yoast SEO plugin v24.6 - https:\/\/yoast.com\/wordpress\/plugins\/seo\/ -->\n<title>\u00daltima luz sobre la nieve - c.freixas<\/title>\n<meta name=\"description\" content=\"Paisaje nevado al crep\u00fasculo, con \u00e1rboles oscuros y colores c\u00e1lidos que contrastan con la frialdad de la nieve. Pintura original de Cristina Freixas.\" \/>\n<meta name=\"robots\" content=\"index, follow, max-snippet:-1, max-image-preview:large, max-video-preview:-1\" \/>\n<link rel=\"canonical\" href=\"https:\/\/cristina.cat\/es\/producte\/darrera-llum-sobre-la-neu\/\" \/>\n<meta property=\"og:locale\" content=\"es_ES\" \/>\n<meta property=\"og:type\" content=\"article\" \/>\n<meta property=\"og:title\" content=\"\u00daltima luz sobre la nieve - c.freixas\" \/>\n<meta property=\"og:description\" content=\"Paisaje nevado al crep\u00fasculo, con \u00e1rboles oscuros y colores c\u00e1lidos que contrastan con la frialdad de la nieve. Pintura original de Cristina Freixas.\" \/>\n<meta property=\"og:url\" content=\"https:\/\/cristina.cat\/es\/producte\/darrera-llum-sobre-la-neu\/\" \/>\n<meta property=\"og:site_name\" content=\"c.freixas\" \/>\n<meta property=\"article:modified_time\" content=\"2025-03-08T16:59:49+00:00\" \/>\n<meta property=\"og:image\" content=\"https:\/\/cristina.cat\/wp-content\/uploads\/2025\/02\/IMG_4112-scaled.jpg\" \/>\n\t<meta property=\"og:image:width\" content=\"2053\" \/>\n\t<meta property=\"og:image:height\" content=\"2560\" \/>\n\t<meta property=\"og:image:type\" content=\"image\/jpeg\" \/>\n<meta name=\"twitter:card\" content=\"summary_large_image\" \/>\n<meta name=\"twitter:label1\" content=\"Tiempo de lectura\" \/>\n\t<meta name=\"twitter:data1\" content=\"2 minutos\" \/>\n<script type=\"application\/ld+json\" class=\"yoast-schema-graph\">{\"@context\":\"https:\/\/schema.org\",\"@graph\":[{\"@type\":\"WebPage\",\"@id\":\"https:\/\/cristina.cat\/es\/producte\/darrera-llum-sobre-la-neu\/\",\"url\":\"https:\/\/cristina.cat\/es\/producte\/darrera-llum-sobre-la-neu\/\",\"name\":\"\u00daltima luz sobre la nieve - c.freixas\",\"isPartOf\":{\"@id\":\"https:\/\/cristina.cat\/#website\"},\"primaryImageOfPage\":{\"@id\":\"https:\/\/cristina.cat\/es\/producte\/darrera-llum-sobre-la-neu\/#primaryimage\"},\"image\":{\"@id\":\"https:\/\/cristina.cat\/es\/producte\/darrera-llum-sobre-la-neu\/#primaryimage\"},\"thumbnailUrl\":\"https:\/\/cristina.cat\/wp-content\/uploads\/2025\/02\/IMG_4112-scaled.jpg\",\"datePublished\":\"2025-02-12T11:03:13+00:00\",\"dateModified\":\"2025-03-08T16:59:49+00:00\",\"description\":\"Paisaje nevado al crep\u00fasculo, con \u00e1rboles oscuros y colores c\u00e1lidos que contrastan con la frialdad de la nieve. Pintura original de Cristina Freixas.\",\"breadcrumb\":{\"@id\":\"https:\/\/cristina.cat\/es\/producte\/darrera-llum-sobre-la-neu\/#breadcrumb\"},\"inLanguage\":\"es\",\"potentialAction\":[{\"@type\":\"ReadAction\",\"target\":[\"https:\/\/cristina.cat\/es\/producte\/darrera-llum-sobre-la-neu\/\"]}]},{\"@type\":\"ImageObject\",\"inLanguage\":\"es\",\"@id\":\"https:\/\/cristina.cat\/es\/producte\/darrera-llum-sobre-la-neu\/#primaryimage\",\"url\":\"https:\/\/cristina.cat\/wp-content\/uploads\/2025\/02\/IMG_4112-scaled.jpg\",\"contentUrl\":\"https:\/\/cristina.cat\/wp-content\/uploads\/2025\/02\/IMG_4112-scaled.jpg\",\"width\":2053,\"height\":2560},{\"@type\":\"BreadcrumbList\",\"@id\":\"https:\/\/cristina.cat\/es\/producte\/darrera-llum-sobre-la-neu\/#breadcrumb\",\"itemListElement\":[{\"@type\":\"ListItem\",\"position\":1,\"name\":\"Inicio\",\"item\":\"https:\/\/cristina.cat\/\"},{\"@type\":\"ListItem\",\"position\":2,\"name\":\"Tienda\",\"item\":\"https:\/\/cristina.cat\/botiga\/\"},{\"@type\":\"ListItem\",\"position\":3,\"name\":\"\u00daltima luz sobre la nieve\"}]},{\"@type\":\"WebSite\",\"@id\":\"https:\/\/cristina.cat\/#website\",\"url\":\"https:\/\/cristina.cat\/\",\"name\":\"c.freixas\",\"description\":\"art i disseny\",\"potentialAction\":[{\"@type\":\"SearchAction\",\"target\":{\"@type\":\"EntryPoint\",\"urlTemplate\":\"https:\/\/cristina.cat\/?s={search_term_string}\"},\"query-input\":{\"@type\":\"PropertyValueSpecification\",\"valueRequired\":true,\"valueName\":\"search_term_string\"}}],\"inLanguage\":\"es\"}]}<\/script>\n<!-- \/ Yoast SEO plugin. -->","yoast_head_json":{"title":"\u00daltima luz sobre la nieve - c.freixas","description":"Paisaje nevado al crep\u00fasculo, con \u00e1rboles oscuros y colores c\u00e1lidos que contrastan con la frialdad de la nieve. Pintura original de Cristina Freixas.","robots":{"index":"index","follow":"follow","max-snippet":"max-snippet:-1","max-image-preview":"max-image-preview:large","max-video-preview":"max-video-preview:-1"},"canonical":"https:\/\/cristina.cat\/es\/producte\/darrera-llum-sobre-la-neu\/","og_locale":"es_ES","og_type":"article","og_title":"\u00daltima luz sobre la nieve - c.freixas","og_description":"Paisaje nevado al crep\u00fasculo, con \u00e1rboles oscuros y colores c\u00e1lidos que contrastan con la frialdad de la nieve. Pintura original de Cristina Freixas.","og_url":"https:\/\/cristina.cat\/es\/producte\/darrera-llum-sobre-la-neu\/","og_site_name":"c.freixas","article_modified_time":"2025-03-08T16:59:49+00:00","og_image":[{"width":2053,"height":2560,"url":"https:\/\/cristina.cat\/wp-content\/uploads\/2025\/02\/IMG_4112-scaled.jpg","type":"image\/jpeg"}],"twitter_card":"summary_large_image","twitter_misc":{"Tiempo de lectura":"2 minutos"},"schema":{"@context":"https:\/\/schema.org","@graph":[{"@type":"WebPage","@id":"https:\/\/cristina.cat\/es\/producte\/darrera-llum-sobre-la-neu\/","url":"https:\/\/cristina.cat\/es\/producte\/darrera-llum-sobre-la-neu\/","name":"\u00daltima luz sobre la nieve - c.freixas","isPartOf":{"@id":"https:\/\/cristina.cat\/#website"},"primaryImageOfPage":{"@id":"https:\/\/cristina.cat\/es\/producte\/darrera-llum-sobre-la-neu\/#primaryimage"},"image":{"@id":"https:\/\/cristina.cat\/es\/producte\/darrera-llum-sobre-la-neu\/#primaryimage"},"thumbnailUrl":"https:\/\/cristina.cat\/wp-content\/uploads\/2025\/02\/IMG_4112-scaled.jpg","datePublished":"2025-02-12T11:03:13+00:00","dateModified":"2025-03-08T16:59:49+00:00","description":"Paisaje nevado al crep\u00fasculo, con \u00e1rboles oscuros y colores c\u00e1lidos que contrastan con la frialdad de la nieve. Pintura original de Cristina Freixas.","breadcrumb":{"@id":"https:\/\/cristina.cat\/es\/producte\/darrera-llum-sobre-la-neu\/#breadcrumb"},"inLanguage":"es","potentialAction":[{"@type":"ReadAction","target":["https:\/\/cristina.cat\/es\/producte\/darrera-llum-sobre-la-neu\/"]}]},{"@type":"ImageObject","inLanguage":"es","@id":"https:\/\/cristina.cat\/es\/producte\/darrera-llum-sobre-la-neu\/#primaryimage","url":"https:\/\/cristina.cat\/wp-content\/uploads\/2025\/02\/IMG_4112-scaled.jpg","contentUrl":"https:\/\/cristina.cat\/wp-content\/uploads\/2025\/02\/IMG_4112-scaled.jpg","width":2053,"height":2560},{"@type":"BreadcrumbList","@id":"https:\/\/cristina.cat\/es\/producte\/darrera-llum-sobre-la-neu\/#breadcrumb","itemListElement":[{"@type":"ListItem","position":1,"name":"Inicio","item":"https:\/\/cristina.cat\/"},{"@type":"ListItem","position":2,"name":"Tienda","item":"https:\/\/cristina.cat\/botiga\/"},{"@type":"ListItem","position":3,"name":"\u00daltima luz sobre la nieve"}]},{"@type":"WebSite","@id":"https:\/\/cristina.cat\/#website","url":"https:\/\/cristina.cat\/","name":"c.freixas","description":"art i disseny","potentialAction":[{"@type":"SearchAction","target":{"@type":"EntryPoint","urlTemplate":"https:\/\/cristina.cat\/?s={search_term_string}"},"query-input":{"@type":"PropertyValueSpecification","valueRequired":true,"valueName":"search_term_string"}}],"inLanguage":"es"}]}},"_links":{"self":[{"href":"https:\/\/cristina.cat\/es\/wp-json\/wp\/v2\/product\/3782","targetHints":{"allow":["GET"]}}],"collection":[{"href":"https:\/\/cristina.cat\/es\/wp-json\/wp\/v2\/product"}],"about":[{"href":"https:\/\/cristina.cat\/es\/wp-json\/wp\/v2\/types\/product"}],"wp:featuredmedia":[{"embeddable":true,"href":"https:\/\/cristina.cat\/es\/wp-json\/wp\/v2\/media\/2989"}],"wp:attachment":[{"href":"https:\/\/cristina.cat\/es\/wp-json\/wp\/v2\/media?parent=3782"}],"wp:term":[{"taxonomy":"product_brand","embeddable":true,"href":"https:\/\/cristina.cat\/es\/wp-json\/wp\/v2\/product_brand?post=3782"},{"taxonomy":"product_cat","embeddable":true,"href":"https:\/\/cristina.cat\/es\/wp-json\/wp\/v2\/product_cat?post=3782"},{"taxonomy":"product_tag","embeddable":true,"href":"https:\/\/cristina.cat\/es\/wp-json\/wp\/v2\/product_tag?post=3782"}],"curies":[{"name":"wp","href":"https:\/\/api.w.org\/{rel}","templated":true}]}}