{"id":3568,"date":"2025-01-23T17:33:25","date_gmt":"2025-01-23T15:33:25","guid":{"rendered":"https:\/\/cristina.cat\/producte\/equilibri\/"},"modified":"2025-02-16T19:56:53","modified_gmt":"2025-02-16T17:56:53","slug":"equilibri","status":"publish","type":"product","link":"https:\/\/cristina.cat\/es\/producte\/equilibri\/","title":{"rendered":"Equilibrio"},"content":{"rendered":"<p data-start=\"0\" data-end=\"274\">Esta obra, realizada en \u00f3leo sobre tela de lino, presenta dos lobos, seres emblem\u00e1ticos que simbolizan armon\u00eda y fuerza en su estado m\u00e1s puro. Representados con gran sensibilidad y detalle, los lobos transmiten una profunda conexi\u00f3n con la naturaleza y entre ellos mismos.<\/p>\n<p data-start=\"276\" data-end=\"632\">Las pinceladas, trabajadas con maestr\u00eda, plasman de manera casi tangible la textura de su pelaje, otorgando a la obra una gran riqueza visual y una sensaci\u00f3n de movimiento y vitalidad. Los tonos c\u00e1lidos y terrosos que dominan la composici\u00f3n crean una atm\u00f3sfera serena y, al mismo tiempo, poderosa, que resuena con la energ\u00eda de estos imponentes animales.<\/p>\n<p data-start=\"634\" data-end=\"823\">Esta pintura no solo captura la esencia f\u00edsica de los lobos, sino tambi\u00e9n la relaci\u00f3n simb\u00f3lica que existe entre la fuerza de su naturaleza salvaje y la calma que emana de su convivencia.<\/p>\n<p data-start=\"825\" data-end=\"1005\" data-is-last-node=\"\">Ideal para quienes buscan una pieza \u00fanica que evoque el equilibrio entre la fuerza y la serenidad, aportando una presencia imponente y a la vez tranquilizadora a cualquier espacio.<\/p>\n<h3>Pinturas originales al \u00f3leo<\/h3>\n<p data-start=\"38\" data-end=\"196\">Creadas con <strong data-start=\"50\" data-end=\"76\">dedicaci\u00f3n e inspiraci\u00f3n<\/strong>. Cada pieza \u00e9s \u00fanica, trabajada con oleos <strong data-start=\"112\" data-end=\"136\">de alta calidad<\/strong> sobre lienzo de lino, capturando momentos y atm\u00f3sferas irrepetibles.<\/p>\n<p data-start=\"198\" data-end=\"691\">Mi arte nace de mi <strong data-start=\"225\" data-end=\"265\">connexi\u00f3n con la naturaleza y los animales<\/strong>. Me inspira la <strong data-start=\"280\" data-end=\"308\">serenidad de los paisajes<\/strong>, la<\/p>\n<p data-start=\"0\" data-end=\"381\">uz cambiante a lo largo del d\u00eda y la belleza de la fauna. Me apasionan los colores terrosos de la tierra, los sutiles azules del cielo y la manera en que la luz transforma cada escenario en un espect\u00e1culo \u00fanico. Oto\u00f1o e invierno son mis estaciones favoritas para pintar, cuando los tonos se vuelven m\u00e1s profundos y evocadores, creando una paleta rica en emociones y texturas.<\/p>\n<p data-start=\"383\" data-end=\"575\">Cada pintura refleja mi <strong>pasi\u00f3n por la naturaleza y los animales<\/strong>, capturando su expresi\u00f3n, su fuerza y su alma, transformando instantes ef\u00edmeros en obras que transmiten <strong>paz, fuerza y armon\u00eda<\/strong>.<\/p>\n<h3 data-start=\"931\" data-end=\"950\">Materiales<\/h3>\n<p data-start=\"595\" data-end=\"851\">Trabajo con materiales de alta calidad para garantizar que cada pintura sea duradera y fiel a los colores originales. Utilizo lienzos de algod\u00f3n y lino de gran calidad, con una preparaci\u00f3n adecuada para el \u00f3leo, ofreciendo una base resistente y duradera.<\/p>\n<p data-start=\"853\" data-end=\"1079\">Las pinturas al \u00f3leo que utilizo est\u00e1n elaboradas con pigmentos profesionales de alta resistencia a la luz, asegurando que tu obra mantenga su intensidad y belleza a lo largo del tiempo, sin perder vivacidad ni desvanecerse.<\/p>\n<p data-start=\"1081\" data-end=\"1208\" data-is-last-node=\"\">Cada obra es una pieza \u00fanica, creada con pasi\u00f3n para llevar a tu hogar la belleza y la esencia de la naturaleza y los animales.<\/p>\n","protected":false},"excerpt":{"rendered":"<p>\u00d3leo sobre lino<br \/>\nArte original y \u00fanico<\/p>\n<p><img decoding=\"async\" class=\"emoji\" role=\"img\" draggable=\"false\" src=\"https:\/\/s.w.org\/images\/core\/emoji\/15.0.3\/svg\/1f4cf.svg\" alt=\"\ud83d\udccf\" \/> Medidas: 73\u00d750 cm<br \/>\n<img decoding=\"async\" class=\"emoji\" role=\"img\" draggable=\"false\" src=\"https:\/\/s.w.org\/images\/core\/emoji\/15.0.3\/svg\/1f3a8.svg\" alt=\"\ud83c\udfa8\" \/> T\u00e9cnica: \u00d3leo<br \/>\n<img decoding=\"async\" class=\"emoji\" role=\"img\" draggable=\"false\" src=\"https:\/\/s.w.org\/images\/core\/emoji\/15.0.3\/svg\/1f5bc.svg\" alt=\"\ud83d\uddbc\" \/> Obra original y \u00fanica, firmada por la artista<\/p>\n<p>&nbsp;<\/p>\n","protected":false},"featured_media":2088,"template":"","meta":{"_vp_format_video_url":"","_vp_image_focal_point":[]},"product_brand":[],"product_cat":[76],"product_tag":[71,77,78,79],"class_list":{"0":"post-3568","1":"product","2":"type-product","3":"status-publish","4":"has-post-thumbnail","6":"product_cat-oleo","7":"product_tag-c-freixas-es","8":"product_tag-llops-es","9":"product_tag-oli-es","10":"product_tag-pintura-art-es","12":"first","13":"instock","14":"shipping-taxable","15":"purchasable","16":"product-type-simple"},"yoast_head":"<!-- This site is optimized with the Yoast SEO plugin v24.6 - https:\/\/yoast.com\/wordpress\/plugins\/seo\/ -->\n<title>Equilibrio - c.freixas<\/title>\n<meta name=\"description\" content=\"Equilibrio, \u00f3leo sobre lino de Cristina Freixas. Una obra cautivadora con dos lobos que simboliza armon\u00eda i fuerza. Arte original y \u00fanico\" \/>\n<meta name=\"robots\" content=\"index, follow, max-snippet:-1, max-image-preview:large, max-video-preview:-1\" \/>\n<link rel=\"canonical\" href=\"https:\/\/cristina.cat\/es\/producte\/equilibri\/\" \/>\n<meta property=\"og:locale\" content=\"es_ES\" \/>\n<meta property=\"og:type\" content=\"article\" \/>\n<meta property=\"og:title\" content=\"Equilibrio - c.freixas\" \/>\n<meta property=\"og:description\" content=\"Equilibrio, \u00f3leo sobre lino de Cristina Freixas. Una obra cautivadora con dos lobos que simboliza armon\u00eda i fuerza. Arte original y \u00fanico\" \/>\n<meta property=\"og:url\" content=\"https:\/\/cristina.cat\/es\/producte\/equilibri\/\" \/>\n<meta property=\"og:site_name\" content=\"c.freixas\" \/>\n<meta property=\"article:modified_time\" content=\"2025-02-16T17:56:53+00:00\" \/>\n<meta property=\"og:image\" content=\"https:\/\/cristina.cat\/wp-content\/uploads\/2025\/01\/llops-scaled.jpg\" \/>\n\t<meta property=\"og:image:width\" content=\"1739\" \/>\n\t<meta property=\"og:image:height\" content=\"2560\" \/>\n\t<meta property=\"og:image:type\" content=\"image\/jpeg\" \/>\n<meta name=\"twitter:card\" content=\"summary_large_image\" \/>\n<meta name=\"twitter:label1\" content=\"Tiempo de lectura\" \/>\n\t<meta name=\"twitter:data1\" content=\"3 minutos\" \/>\n<script type=\"application\/ld+json\" class=\"yoast-schema-graph\">{\"@context\":\"https:\/\/schema.org\",\"@graph\":[{\"@type\":\"WebPage\",\"@id\":\"https:\/\/cristina.cat\/es\/producte\/equilibri\/\",\"url\":\"https:\/\/cristina.cat\/es\/producte\/equilibri\/\",\"name\":\"Equilibrio - c.freixas\",\"isPartOf\":{\"@id\":\"https:\/\/cristina.cat\/#website\"},\"primaryImageOfPage\":{\"@id\":\"https:\/\/cristina.cat\/es\/producte\/equilibri\/#primaryimage\"},\"image\":{\"@id\":\"https:\/\/cristina.cat\/es\/producte\/equilibri\/#primaryimage\"},\"thumbnailUrl\":\"https:\/\/cristina.cat\/wp-content\/uploads\/2025\/01\/llops-scaled.jpg\",\"datePublished\":\"2025-01-23T15:33:25+00:00\",\"dateModified\":\"2025-02-16T17:56:53+00:00\",\"description\":\"Equilibrio, \u00f3leo sobre lino de Cristina Freixas. Una obra cautivadora con dos lobos que simboliza armon\u00eda i fuerza. Arte original y \u00fanico\",\"breadcrumb\":{\"@id\":\"https:\/\/cristina.cat\/es\/producte\/equilibri\/#breadcrumb\"},\"inLanguage\":\"es\",\"potentialAction\":[{\"@type\":\"ReadAction\",\"target\":[\"https:\/\/cristina.cat\/es\/producte\/equilibri\/\"]}]},{\"@type\":\"ImageObject\",\"inLanguage\":\"es\",\"@id\":\"https:\/\/cristina.cat\/es\/producte\/equilibri\/#primaryimage\",\"url\":\"https:\/\/cristina.cat\/wp-content\/uploads\/2025\/01\/llops-scaled.jpg\",\"contentUrl\":\"https:\/\/cristina.cat\/wp-content\/uploads\/2025\/01\/llops-scaled.jpg\",\"width\":1739,\"height\":2560,\"caption\":\"Equilibrio. C.Freixas\"},{\"@type\":\"BreadcrumbList\",\"@id\":\"https:\/\/cristina.cat\/es\/producte\/equilibri\/#breadcrumb\",\"itemListElement\":[{\"@type\":\"ListItem\",\"position\":1,\"name\":\"Inicio\",\"item\":\"https:\/\/cristina.cat\/\"},{\"@type\":\"ListItem\",\"position\":2,\"name\":\"Tienda\",\"item\":\"https:\/\/cristina.cat\/botiga\/\"},{\"@type\":\"ListItem\",\"position\":3,\"name\":\"Equilibrio\"}]},{\"@type\":\"WebSite\",\"@id\":\"https:\/\/cristina.cat\/#website\",\"url\":\"https:\/\/cristina.cat\/\",\"name\":\"c.freixas\",\"description\":\"art i disseny\",\"potentialAction\":[{\"@type\":\"SearchAction\",\"target\":{\"@type\":\"EntryPoint\",\"urlTemplate\":\"https:\/\/cristina.cat\/?s={search_term_string}\"},\"query-input\":{\"@type\":\"PropertyValueSpecification\",\"valueRequired\":true,\"valueName\":\"search_term_string\"}}],\"inLanguage\":\"es\"}]}<\/script>\n<!-- \/ Yoast SEO plugin. -->","yoast_head_json":{"title":"Equilibrio - c.freixas","description":"Equilibrio, \u00f3leo sobre lino de Cristina Freixas. Una obra cautivadora con dos lobos que simboliza armon\u00eda i fuerza. Arte original y \u00fanico","robots":{"index":"index","follow":"follow","max-snippet":"max-snippet:-1","max-image-preview":"max-image-preview:large","max-video-preview":"max-video-preview:-1"},"canonical":"https:\/\/cristina.cat\/es\/producte\/equilibri\/","og_locale":"es_ES","og_type":"article","og_title":"Equilibrio - c.freixas","og_description":"Equilibrio, \u00f3leo sobre lino de Cristina Freixas. Una obra cautivadora con dos lobos que simboliza armon\u00eda i fuerza. Arte original y \u00fanico","og_url":"https:\/\/cristina.cat\/es\/producte\/equilibri\/","og_site_name":"c.freixas","article_modified_time":"2025-02-16T17:56:53+00:00","og_image":[{"width":1739,"height":2560,"url":"https:\/\/cristina.cat\/wp-content\/uploads\/2025\/01\/llops-scaled.jpg","type":"image\/jpeg"}],"twitter_card":"summary_large_image","twitter_misc":{"Tiempo de lectura":"3 minutos"},"schema":{"@context":"https:\/\/schema.org","@graph":[{"@type":"WebPage","@id":"https:\/\/cristina.cat\/es\/producte\/equilibri\/","url":"https:\/\/cristina.cat\/es\/producte\/equilibri\/","name":"Equilibrio - c.freixas","isPartOf":{"@id":"https:\/\/cristina.cat\/#website"},"primaryImageOfPage":{"@id":"https:\/\/cristina.cat\/es\/producte\/equilibri\/#primaryimage"},"image":{"@id":"https:\/\/cristina.cat\/es\/producte\/equilibri\/#primaryimage"},"thumbnailUrl":"https:\/\/cristina.cat\/wp-content\/uploads\/2025\/01\/llops-scaled.jpg","datePublished":"2025-01-23T15:33:25+00:00","dateModified":"2025-02-16T17:56:53+00:00","description":"Equilibrio, \u00f3leo sobre lino de Cristina Freixas. Una obra cautivadora con dos lobos que simboliza armon\u00eda i fuerza. Arte original y \u00fanico","breadcrumb":{"@id":"https:\/\/cristina.cat\/es\/producte\/equilibri\/#breadcrumb"},"inLanguage":"es","potentialAction":[{"@type":"ReadAction","target":["https:\/\/cristina.cat\/es\/producte\/equilibri\/"]}]},{"@type":"ImageObject","inLanguage":"es","@id":"https:\/\/cristina.cat\/es\/producte\/equilibri\/#primaryimage","url":"https:\/\/cristina.cat\/wp-content\/uploads\/2025\/01\/llops-scaled.jpg","contentUrl":"https:\/\/cristina.cat\/wp-content\/uploads\/2025\/01\/llops-scaled.jpg","width":1739,"height":2560,"caption":"Equilibrio. C.Freixas"},{"@type":"BreadcrumbList","@id":"https:\/\/cristina.cat\/es\/producte\/equilibri\/#breadcrumb","itemListElement":[{"@type":"ListItem","position":1,"name":"Inicio","item":"https:\/\/cristina.cat\/"},{"@type":"ListItem","position":2,"name":"Tienda","item":"https:\/\/cristina.cat\/botiga\/"},{"@type":"ListItem","position":3,"name":"Equilibrio"}]},{"@type":"WebSite","@id":"https:\/\/cristina.cat\/#website","url":"https:\/\/cristina.cat\/","name":"c.freixas","description":"art i disseny","potentialAction":[{"@type":"SearchAction","target":{"@type":"EntryPoint","urlTemplate":"https:\/\/cristina.cat\/?s={search_term_string}"},"query-input":{"@type":"PropertyValueSpecification","valueRequired":true,"valueName":"search_term_string"}}],"inLanguage":"es"}]}},"_links":{"self":[{"href":"https:\/\/cristina.cat\/es\/wp-json\/wp\/v2\/product\/3568","targetHints":{"allow":["GET"]}}],"collection":[{"href":"https:\/\/cristina.cat\/es\/wp-json\/wp\/v2\/product"}],"about":[{"href":"https:\/\/cristina.cat\/es\/wp-json\/wp\/v2\/types\/product"}],"wp:featuredmedia":[{"embeddable":true,"href":"https:\/\/cristina.cat\/es\/wp-json\/wp\/v2\/media\/2088"}],"wp:attachment":[{"href":"https:\/\/cristina.cat\/es\/wp-json\/wp\/v2\/media?parent=3568"}],"wp:term":[{"taxonomy":"product_brand","embeddable":true,"href":"https:\/\/cristina.cat\/es\/wp-json\/wp\/v2\/product_brand?post=3568"},{"taxonomy":"product_cat","embeddable":true,"href":"https:\/\/cristina.cat\/es\/wp-json\/wp\/v2\/product_cat?post=3568"},{"taxonomy":"product_tag","embeddable":true,"href":"https:\/\/cristina.cat\/es\/wp-json\/wp\/v2\/product_tag?post=3568"}],"curies":[{"name":"wp","href":"https:\/\/api.w.org\/{rel}","templated":true}]}}