{"id":1284,"date":"2018-05-30T17:25:00","date_gmt":"2018-05-30T15:25:00","guid":{"rendered":"https:\/\/cristina.cat\/cfreixas\/"},"modified":"2025-03-05T20:10:24","modified_gmt":"2025-03-05T18:10:24","slug":"cfreixas","status":"publish","type":"page","link":"https:\/\/cristina.cat\/es\/cfreixas\/","title":{"rendered":"c.freixas"},"content":{"rendered":"<p><div class=\"fusion-fullwidth fullwidth-box fusion-builder-row-1 fusion-flex-container has-pattern-background has-mask-background fusion-parallax-none nonhundred-percent-fullwidth non-hundred-percent-height-scrolling\" style=\"--awb-border-radius-top-left:0px;--awb-border-radius-top-right:0px;--awb-border-radius-bottom-right:0px;--awb-border-radius-bottom-left:0px;--awb-background-image:url(&quot;https:\/\/cristina.cat\/wp-content\/uploads\/2025\/02\/paisatge_banner2.png&quot;);--awb-background-size:cover;--awb-flex-wrap:wrap;\" ><div class=\"fusion-builder-row fusion-row fusion-flex-align-items-flex-start fusion-flex-content-wrap\" style=\"max-width:1248px;margin-left: calc(-4% \/ 2 );margin-right: calc(-4% \/ 2 );\"><div class=\"fusion-layout-column fusion_builder_column fusion-builder-column-0 fusion_builder_column_1_1 1_1 fusion-flex-column\" style=\"--awb-bg-size:cover;--awb-width-large:100%;--awb-margin-top-large:0px;--awb-spacing-right-large:1.92%;--awb-margin-bottom-large:20px;--awb-spacing-left-large:1.92%;--awb-width-medium:100%;--awb-order-medium:0;--awb-spacing-right-medium:1.92%;--awb-spacing-left-medium:1.92%;--awb-width-small:100%;--awb-order-small:0;--awb-spacing-right-small:1.92%;--awb-spacing-left-small:1.92%;\"><div class=\"fusion-column-wrapper fusion-column-has-shadow fusion-flex-justify-content-flex-start fusion-content-layout-column\"><div class=\"fusion-separator fusion-full-width-sep\" style=\"align-self: center;margin-left: auto;margin-right: auto;flex-grow:7;margin-top:10px;margin-bottom:50px;width:100%;\"><\/div><\/div><\/div><\/div><\/div><div class=\"fusion-fullwidth fullwidth-box fusion-builder-row-2 fusion-flex-container has-pattern-background has-mask-background nonhundred-percent-fullwidth non-hundred-percent-height-scrolling\" style=\"--awb-border-radius-top-left:0px;--awb-border-radius-top-right:0px;--awb-border-radius-bottom-right:0px;--awb-border-radius-bottom-left:0px;--awb-padding-top:10px;--awb-padding-bottom:10px;--awb-margin-top:10px;--awb-flex-wrap:wrap;\" ><div class=\"fusion-builder-row fusion-row fusion-flex-align-items-flex-start fusion-flex-content-wrap\" style=\"max-width:1248px;margin-left: calc(-4% \/ 2 );margin-right: calc(-4% \/ 2 );\"><div class=\"fusion-layout-column fusion_builder_column fusion-builder-column-1 fusion_builder_column_1_1 1_1 fusion-flex-column\" style=\"--awb-bg-size:cover;--awb-width-large:100%;--awb-margin-top-large:0px;--awb-spacing-right-large:1.92%;--awb-margin-bottom-large:20px;--awb-spacing-left-large:1.92%;--awb-width-medium:100%;--awb-order-medium:0;--awb-spacing-right-medium:1.92%;--awb-spacing-left-medium:1.92%;--awb-width-small:100%;--awb-order-small:0;--awb-spacing-right-small:1.92%;--awb-spacing-left-small:1.92%;\"><div class=\"fusion-column-wrapper fusion-column-has-shadow fusion-flex-justify-content-flex-start fusion-content-layout-column\"><div class=\"fusion-title title fusion-title-1 fusion-sep-none fusion-title-text fusion-title-size-one\"><h1 class=\"fusion-title-heading title-heading-left\" style=\"margin:0;\"><p style=\"text-align: left;\">El dibujo de una vida<\/p><\/h1><\/div><\/div><\/div><\/div><\/div><div class=\"fusion-fullwidth fullwidth-box fusion-builder-row-3 fusion-flex-container has-pattern-background has-mask-background nonhundred-percent-fullwidth non-hundred-percent-height-scrolling\" style=\"--awb-border-radius-top-left:0px;--awb-border-radius-top-right:0px;--awb-border-radius-bottom-right:0px;--awb-border-radius-bottom-left:0px;--awb-margin-bottom-small:-250px;--awb-flex-wrap:wrap;\" ><div class=\"fusion-builder-row fusion-row fusion-flex-align-items-flex-start fusion-flex-content-wrap\" style=\"max-width:1248px;margin-left: calc(-4% \/ 2 );margin-right: calc(-4% \/ 2 );\"><div class=\"fusion-layout-column fusion_builder_column fusion-builder-column-2 fusion-flex-column\" style=\"--awb-bg-size:cover;--awb-width-large:72%;--awb-margin-top-large:0px;--awb-spacing-right-large:2.6666666666667%;--awb-margin-bottom-large:20px;--awb-spacing-left-large:2.6666666666667%;--awb-width-medium:72%;--awb-order-medium:0;--awb-spacing-right-medium:2.6666666666667%;--awb-spacing-left-medium:2.6666666666667%;--awb-width-small:100%;--awb-order-small:0;--awb-spacing-right-small:1.92%;--awb-spacing-left-small:1.92%;\" data-scroll-devices=\"small-visibility,medium-visibility,large-visibility\"><div class=\"fusion-column-wrapper fusion-column-has-shadow fusion-flex-justify-content-flex-start fusion-content-layout-column\"><div class=\"fusion-text fusion-text-1\" style=\"--awb-content-alignment:justify;\"><p style=\"text-align: justify;\">Nac\u00ed en Barcelona un fr\u00edo d\u00eda de enero, y a menudo son los astros los que mueven los hilos de mi car\u00e1cter capricorniano. \u00bfExiste la perfecci\u00f3n? No lo s\u00e9, pero sigo busc\u00e1ndola, atrapada en este viaje constante. Desde hace unos a\u00f1os vivo en \u00d2rrius, el pueblo m\u00e1s bonito del mundo y el m\u00e1s peque\u00f1o del Maresme. Como dice el refr\u00e1n&#8230; \u00aben el bote peque\u00f1o est\u00e1 la buena confitura\u00bb.<br data-start=\"376\" data-end=\"379\" \/>Soy dise\u00f1adora gr\u00e1fica desde 1985, enamorada de la belleza, las l\u00edneas y las formas. Para m\u00ed, cada elemento, como en un rompecabezas, tiene su lugar \u00fanico, solo hay que encontrarlo!<\/p>\n<p>Cada nuevo proyecto es un nuevo reto personal, m\u00edo&#8230; y tambi\u00e9n tuyo?<br data-start=\"70\" data-end=\"73\" \/>En 1987, entre proyectos profesionales, me atrev\u00ed a so\u00f1ar m\u00e1s all\u00e1, a dibujar y pintar.<br data-start=\"160\" data-end=\"163\" \/>Comenc\u00e9 en el taller Retaule, donde, con un pincel o un l\u00e1piz en la mano, el tiempo parec\u00eda desaparecer.<br \/>\nAs\u00ed descubr\u00ed el contraste entre la precisi\u00f3n milim\u00e9trica del dise\u00f1o y el alegre baile de la mano y el pincel sobre un lienzo.<\/p>\n<p>Aun as\u00ed, la profesi\u00f3n me secuestr\u00f3 y el proyecto de bellas artes tuvo que detenerse \u00ab<em data-start=\"84\" data-end=\"94\">sine die\u00bb<\/em>, pero siempre con la firme promesa de retomarlo. Y, como ocurre con todas las promesas, ese momento finalmente lleg\u00f3.<\/p>\n<p>Me he formado con grandes artistas que han dejado una profunda huella en m\u00ed. La escultora <a href=\"http:\/\/aliciaalegre-escultora.blogspot.com\" target=\"_blank\" rel=\"noopener noreferrer\">Al\u00edcia Alegre<\/a> me ense\u00f1\u00f3 que lo imposible es solo una palabra y que un lienzo en blanco es simplemente un punto de partida.<br \/>\nContinu\u00e9 mi evoluci\u00f3n en el taller \u00cdtaca, guiada por los pintores Xavier Mart\u00ednez, el gran <a href=\"http:\/\/www.xanuart.com\/\">Xanu<\/a>, quien me mostr\u00f3 que en el arte las \u00fanicas barreras son las que uno mismo se impone y me anim\u00f3 a romperlas, y <a href=\"http:\/\/nboixart.blogspot.com\/\">N\u00faria Boix<\/a> cuyo delicado perfeccionismo me ayud\u00f3 a ver con mayor claridad.<\/p>\n<p data-start=\"0\" data-end=\"60\">Colaboro en varias asociaciones en defensa de los animales.<\/p>\n<p data-start=\"62\" data-end=\"109\">Tengo mi propia musa, muy peluda e incansable.<\/p>\n<p data-start=\"111\" data-end=\"644\">Admiro a Van Gogh y su incomprendida \u00ablocura\u00bb, Monet, C\u00e9zanne, Renoir, Lita Cabellut, Vermeer, Pisarro, Claudel, Andrew Wyeth, Paul Klee, Matisse, Modigliani, Kandinsky, Picasso, Rembrandt, Da Vinci, Gauguin, Turner, R. Casas, Schiele, Degas, Bonnard, Kisling, Mompou, Sisley, M. Gudiol, Labasque, Junyent, Lu\u00efsa Vidal, Olga Sacharoff, Klimt, J. Mir, F. Millet, Rusi\u00f1ol, Meifr\u00e9n, Anton Mauve, Nonell, Pascuti, Alicia Alegre, Xanu, N\u00faria Boix, M. Rosa Campmaj\u00f3, mis compa\u00f1eras y compa\u00f1eros de taller&#8230; y cualquier expresi\u00f3n de arte.<\/p>\n<p data-start=\"646\" data-end=\"722\">Tambi\u00e9n me maravilla todo aquello que hace que un lienzo blanco cobre vida.<\/p>\n<p data-start=\"724\" data-end=\"765\" data-is-last-node=\"\">Porque, al fin y al cabo&#8230; <strong>TODO ES ARTE!<\/strong><\/p>\n<\/div><\/div><\/div><div class=\"fusion-layout-column fusion_builder_column fusion-builder-column-3 fusion-flex-column\" style=\"--awb-bg-size:cover;--awb-width-large:28%;--awb-margin-top-large:0px;--awb-spacing-right-large:6.8571428571429%;--awb-margin-bottom-large:20px;--awb-spacing-left-large:6.8571428571429%;--awb-width-medium:28%;--awb-order-medium:0;--awb-spacing-right-medium:6.8571428571429%;--awb-spacing-left-medium:6.8571428571429%;--awb-width-small:100%;--awb-order-small:0;--awb-spacing-right-small:1.92%;--awb-spacing-left-small:1.92%;\" data-scroll-devices=\"small-visibility,medium-visibility,large-visibility\"><div class=\"fusion-column-wrapper fusion-column-has-shadow fusion-flex-justify-content-flex-start fusion-content-layout-column\"><div class=\"fusion-image-element \" style=\"--awb-caption-title-font-family:var(--h2_typography-font-family);--awb-caption-title-font-weight:var(--h2_typography-font-weight);--awb-caption-title-font-style:var(--h2_typography-font-style);--awb-caption-title-size:var(--h2_typography-font-size);--awb-caption-title-transform:var(--h2_typography-text-transform);--awb-caption-title-line-height:var(--h2_typography-line-height);--awb-caption-title-letter-spacing:var(--h2_typography-letter-spacing);\"><span class=\" fusion-imageframe imageframe-none imageframe-1 hover-type-none\"><img decoding=\"async\" width=\"400\" height=\"800\" title=\"cf2\" src=\"https:\/\/cristina.cat\/wp-content\/uploads\/2018\/05\/cf2.jpg\" alt class=\"img-responsive wp-image-78\" srcset=\"https:\/\/cristina.cat\/wp-content\/uploads\/2018\/05\/cf2-150x300.jpg 150w, https:\/\/cristina.cat\/wp-content\/uploads\/2018\/05\/cf2-300x600.jpg 300w, https:\/\/cristina.cat\/wp-content\/uploads\/2018\/05\/cf2.jpg 400w\" sizes=\"(max-width: 400px) 100vw, 400px\" \/><\/span><\/div><\/div><\/div><\/div><\/div><div class=\"fusion-fullwidth fullwidth-box fusion-builder-row-4 fusion-flex-container has-pattern-background has-mask-background nonhundred-percent-fullwidth non-hundred-percent-height-scrolling\" style=\"--awb-border-radius-top-left:0px;--awb-border-radius-top-right:0px;--awb-border-radius-bottom-right:0px;--awb-border-radius-bottom-left:0px;--awb-flex-wrap:wrap;\" ><div class=\"fusion-builder-row fusion-row fusion-flex-align-items-flex-start fusion-flex-content-wrap\" style=\"max-width:1248px;margin-left: calc(-4% \/ 2 );margin-right: calc(-4% \/ 2 );\"><div class=\"fusion-layout-column fusion_builder_column fusion-builder-column-4 fusion_builder_column_1_1 1_1 fusion-flex-column\" style=\"--awb-bg-size:cover;--awb-width-large:100%;--awb-margin-top-large:0px;--awb-spacing-right-large:1.92%;--awb-margin-bottom-large:20px;--awb-spacing-left-large:1.92%;--awb-width-medium:100%;--awb-order-medium:0;--awb-spacing-right-medium:1.92%;--awb-spacing-left-medium:1.92%;--awb-width-small:100%;--awb-order-small:0;--awb-spacing-right-small:1.92%;--awb-spacing-left-small:1.92%;\"><div class=\"fusion-column-wrapper fusion-column-has-shadow fusion-flex-justify-content-flex-start fusion-content-layout-column\"><div class=\"accordian fusion-accordian\" style=\"--awb-border-size:1px;--awb-icon-size:16px;--awb-content-font-size:var(--awb-typography4-font-size);--awb-icon-alignment:left;--awb-hover-color:var(--awb-color2);--awb-border-color:var(--awb-color3);--awb-background-color:var(--awb-color1);--awb-divider-color:var(--awb-color3);--awb-divider-hover-color:var(--awb-color3);--awb-icon-color:var(--awb-color1);--awb-title-color:var(--awb-color8);--awb-content-color:var(--awb-color8);--awb-icon-box-color:var(--awb-color8);--awb-toggle-hover-accent-color:var(--awb-color5);--awb-title-font-family:var(--awb-typography1-font-family);--awb-title-font-weight:var(--awb-typography1-font-weight);--awb-title-font-style:var(--awb-typography1-font-style);--awb-title-font-size:16px;--awb-content-font-family:var(--awb-typography4-font-family);--awb-content-font-weight:var(--awb-typography4-font-weight);--awb-content-font-style:var(--awb-typography4-font-style);\"><div class=\"panel-group fusion-toggle-icon-boxed\" id=\"accordion-1284-1\"><div class=\"fusion-panel panel-default panel-cc1efc3ba02dfed14 fusion-toggle-has-divider\" style=\"--awb-title-color:var(--awb-color8);\"><div class=\"panel-heading\"><h4 class=\"panel-title toggle\" id=\"toggle_cc1efc3ba02dfed14\"><a aria-expanded=\"false\" aria-controls=\"cc1efc3ba02dfed14\" role=\"button\" data-toggle=\"collapse\" data-parent=\"#accordion-1284-1\" data-target=\"#cc1efc3ba02dfed14\" href=\"#cc1efc3ba02dfed14\"><span class=\"fusion-toggle-icon-wrapper\" aria-hidden=\"true\"><i class=\"fa-fusion-box active-icon awb-icon-minus\" aria-hidden=\"true\"><\/i><i class=\"fa-fusion-box inactive-icon awb-icon-plus\" aria-hidden=\"true\"><\/i><\/span><span class=\"fusion-toggle-heading\">Biograf\u00eda alternativa<\/span><\/a><\/h4><\/div><div id=\"cc1efc3ba02dfed14\" class=\"panel-collapse collapse \" aria-labelledby=\"toggle_cc1efc3ba02dfed14\"><div class=\"panel-body toggle-content fusion-clearfix\">\n<p data-start=\"37\" data-end=\"70\"><strong data-start=\"37\" data-end=\"70\">Biograf\u00eda de Cristina Freixas<\/strong><\/p>\n<p data-start=\"72\" data-end=\"523\">Cristina Freixas es una artista nacida en Barcelona en 1960, con una pasi\u00f3n innata por el arte que se manifest\u00f3 desde muy joven. Comenz\u00f3 su formaci\u00f3n como dise\u00f1adora gr\u00e1fica en 1985, desarrollando un profundo amor por la belleza, las formas y las l\u00edneas, elementos que se han convertido en claves de su estilo personal. El dise\u00f1o gr\u00e1fico fue su punto de entrada al arte, pero pronto descubri\u00f3 que su verdadera pasi\u00f3n resid\u00eda en la pintura y el dibujo.<\/p>\n<p data-start=\"525\" data-end=\"1164\">En 1987, entre sus proyectos profesionales, decidi\u00f3 ampliar sus horizontes y comenz\u00f3 a centrarse en la pintura, un deseo que llevaba dentro de s\u00ed desde hac\u00eda a\u00f1os. Su formaci\u00f3n continu\u00f3 en el taller Retaule, donde experiment\u00f3 con diversas t\u00e9cnicas de pintura, y tambi\u00e9n en el taller \u00cdtaca, donde fue guiada por artistas reconocidos como Xavier Mart\u00ednez, tambi\u00e9n conocido como el gran Xanu, y N\u00faria Boix. Adem\u00e1s, tuvo la oportunidad de formarse con la escultora Alicia Alegre, quien tuvo una gran influencia en su evoluci\u00f3n art\u00edstica, ense\u00f1\u00e1ndole que \u00ablo imposible es solo una palabra\u00bb y que un lienzo en blanco es solo un punto de partida.<\/p>\n<p data-start=\"1166\" data-end=\"1581\">Con el tiempo, su pasi\u00f3n por la naturaleza y los animales se convirti\u00f3 en una fuente importante de inspiraci\u00f3n. Los animales se convirtieron en los protagonistas de sus obras, que retrat\u00f3 con gran sensibilidad y detalle, capturando sus emociones y personalidades. Sus pinturas capturan la esencia del momento, la fuerza y serenidad de estos seres, a trav\u00e9s de un enfoque que fusiona el realismo con la emoci\u00f3n pura.<\/p>\n<p data-start=\"1583\" data-end=\"1868\">Cristina tambi\u00e9n est\u00e1 activamente involucrada en la colaboraci\u00f3n con organizaciones en defensa de los derechos de los animales, una pasi\u00f3n que se integra perfectamente con su obra art\u00edstica. Su musa m\u00e1s querida es un animal que la acompa\u00f1a constantemente en su vida y proceso creativo.<\/p>\n<p data-start=\"1870\" data-end=\"2280\">Su estilo ha sido influenciado por maestros como Van Gogh, Monet, C\u00e9zanne, Renoir, Picasso y otros grandes artistas de la historia del arte, as\u00ed como por sus experiencias en talleres con artistas contempor\u00e1neos. Siempre ha buscado la perfecci\u00f3n en su t\u00e9cnica y ha experimentado con diversos materiales, especialmente la pintura al \u00f3leo y el pastel, medios que le permiten expresividad y profundidad en su obra.<\/p>\n<p data-start=\"2282\" data-end=\"2519\" data-is-last-node=\"\">Cristina Freixas contin\u00faa creando y evolucionando en el mundo del arte, con una obra llena de pasi\u00f3n y dedicaci\u00f3n, donde su conexi\u00f3n con la naturaleza, los animales y la emoci\u00f3n humana se funden para dar vida a piezas \u00fanicas y profundas.<\/p>\n<\/div><\/div><\/div><\/div><\/div><\/div><\/div><\/div><\/div><\/p>\n","protected":false},"excerpt":{"rendered":"","protected":false},"author":1,"featured_media":0,"parent":0,"menu_order":0,"comment_status":"closed","ping_status":"closed","template":"","meta":{"_vp_format_video_url":"","_vp_image_focal_point":[],"footnotes":""},"class_list":["post-1284","page","type-page","status-publish","hentry"],"yoast_head":"<!-- This site is optimized with the Yoast SEO plugin v24.6 - https:\/\/yoast.com\/wordpress\/plugins\/seo\/ -->\n<title>c.freixas - c.freixas<\/title>\n<meta name=\"description\" content=\"Resumen biogr\u00e1fico de Cristina Freixas\" \/>\n<meta name=\"robots\" content=\"index, follow, max-snippet:-1, max-image-preview:large, max-video-preview:-1\" \/>\n<link rel=\"canonical\" href=\"https:\/\/cristina.cat\/es\/cfreixas\/\" \/>\n<meta property=\"og:locale\" content=\"es_ES\" \/>\n<meta property=\"og:type\" content=\"article\" \/>\n<meta property=\"og:title\" content=\"c.freixas - c.freixas\" \/>\n<meta property=\"og:description\" content=\"Resumen biogr\u00e1fico de Cristina Freixas\" \/>\n<meta property=\"og:url\" content=\"https:\/\/cristina.cat\/es\/cfreixas\/\" \/>\n<meta property=\"og:site_name\" content=\"c.freixas\" \/>\n<meta property=\"article:modified_time\" content=\"2025-03-05T18:10:24+00:00\" \/>\n<meta name=\"twitter:card\" content=\"summary_large_image\" \/>\n<meta name=\"twitter:label1\" content=\"Tiempo de lectura\" \/>\n\t<meta name=\"twitter:data1\" content=\"5 minutos\" \/>\n<script type=\"application\/ld+json\" class=\"yoast-schema-graph\">{\"@context\":\"https:\/\/schema.org\",\"@graph\":[{\"@type\":\"WebPage\",\"@id\":\"https:\/\/cristina.cat\/es\/cfreixas\/\",\"url\":\"https:\/\/cristina.cat\/es\/cfreixas\/\",\"name\":\"c.freixas - c.freixas\",\"isPartOf\":{\"@id\":\"https:\/\/cristina.cat\/#website\"},\"datePublished\":\"2018-05-30T15:25:00+00:00\",\"dateModified\":\"2025-03-05T18:10:24+00:00\",\"description\":\"Resumen biogr\u00e1fico de Cristina Freixas\",\"breadcrumb\":{\"@id\":\"https:\/\/cristina.cat\/es\/cfreixas\/#breadcrumb\"},\"inLanguage\":\"es\",\"potentialAction\":[{\"@type\":\"ReadAction\",\"target\":[\"https:\/\/cristina.cat\/es\/cfreixas\/\"]}]},{\"@type\":\"BreadcrumbList\",\"@id\":\"https:\/\/cristina.cat\/es\/cfreixas\/#breadcrumb\",\"itemListElement\":[{\"@type\":\"ListItem\",\"position\":1,\"name\":\"Inicio\",\"item\":\"https:\/\/cristina.cat\/\"},{\"@type\":\"ListItem\",\"position\":2,\"name\":\"c.freixas\"}]},{\"@type\":\"WebSite\",\"@id\":\"https:\/\/cristina.cat\/#website\",\"url\":\"https:\/\/cristina.cat\/\",\"name\":\"c.freixas\",\"description\":\"art i disseny\",\"potentialAction\":[{\"@type\":\"SearchAction\",\"target\":{\"@type\":\"EntryPoint\",\"urlTemplate\":\"https:\/\/cristina.cat\/?s={search_term_string}\"},\"query-input\":{\"@type\":\"PropertyValueSpecification\",\"valueRequired\":true,\"valueName\":\"search_term_string\"}}],\"inLanguage\":\"es\"}]}<\/script>\n<!-- \/ Yoast SEO plugin. -->","yoast_head_json":{"title":"c.freixas - c.freixas","description":"Resumen biogr\u00e1fico de Cristina Freixas","robots":{"index":"index","follow":"follow","max-snippet":"max-snippet:-1","max-image-preview":"max-image-preview:large","max-video-preview":"max-video-preview:-1"},"canonical":"https:\/\/cristina.cat\/es\/cfreixas\/","og_locale":"es_ES","og_type":"article","og_title":"c.freixas - c.freixas","og_description":"Resumen biogr\u00e1fico de Cristina Freixas","og_url":"https:\/\/cristina.cat\/es\/cfreixas\/","og_site_name":"c.freixas","article_modified_time":"2025-03-05T18:10:24+00:00","twitter_card":"summary_large_image","twitter_misc":{"Tiempo de lectura":"5 minutos"},"schema":{"@context":"https:\/\/schema.org","@graph":[{"@type":"WebPage","@id":"https:\/\/cristina.cat\/es\/cfreixas\/","url":"https:\/\/cristina.cat\/es\/cfreixas\/","name":"c.freixas - c.freixas","isPartOf":{"@id":"https:\/\/cristina.cat\/#website"},"datePublished":"2018-05-30T15:25:00+00:00","dateModified":"2025-03-05T18:10:24+00:00","description":"Resumen biogr\u00e1fico de Cristina Freixas","breadcrumb":{"@id":"https:\/\/cristina.cat\/es\/cfreixas\/#breadcrumb"},"inLanguage":"es","potentialAction":[{"@type":"ReadAction","target":["https:\/\/cristina.cat\/es\/cfreixas\/"]}]},{"@type":"BreadcrumbList","@id":"https:\/\/cristina.cat\/es\/cfreixas\/#breadcrumb","itemListElement":[{"@type":"ListItem","position":1,"name":"Inicio","item":"https:\/\/cristina.cat\/"},{"@type":"ListItem","position":2,"name":"c.freixas"}]},{"@type":"WebSite","@id":"https:\/\/cristina.cat\/#website","url":"https:\/\/cristina.cat\/","name":"c.freixas","description":"art i disseny","potentialAction":[{"@type":"SearchAction","target":{"@type":"EntryPoint","urlTemplate":"https:\/\/cristina.cat\/?s={search_term_string}"},"query-input":{"@type":"PropertyValueSpecification","valueRequired":true,"valueName":"search_term_string"}}],"inLanguage":"es"}]}},"_links":{"self":[{"href":"https:\/\/cristina.cat\/es\/wp-json\/wp\/v2\/pages\/1284","targetHints":{"allow":["GET"]}}],"collection":[{"href":"https:\/\/cristina.cat\/es\/wp-json\/wp\/v2\/pages"}],"about":[{"href":"https:\/\/cristina.cat\/es\/wp-json\/wp\/v2\/types\/page"}],"author":[{"embeddable":true,"href":"https:\/\/cristina.cat\/es\/wp-json\/wp\/v2\/users\/1"}],"replies":[{"embeddable":true,"href":"https:\/\/cristina.cat\/es\/wp-json\/wp\/v2\/comments?post=1284"}],"version-history":[{"count":19,"href":"https:\/\/cristina.cat\/es\/wp-json\/wp\/v2\/pages\/1284\/revisions"}],"predecessor-version":[{"id":3688,"href":"https:\/\/cristina.cat\/es\/wp-json\/wp\/v2\/pages\/1284\/revisions\/3688"}],"wp:attachment":[{"href":"https:\/\/cristina.cat\/es\/wp-json\/wp\/v2\/media?parent=1284"}],"curies":[{"name":"wp","href":"https:\/\/api.w.org\/{rel}","templated":true}]}}